{"id":12223,"date":"2024-04-17T15:43:51","date_gmt":"2024-04-17T13:43:51","guid":{"rendered":"https:\/\/hillerodcamping.dk\/?page_id=12223"},"modified":"2026-01-21T18:11:26","modified_gmt":"2026-01-21T17:11:26","slug":"kopenhagen","status":"publish","type":"page","link":"https:\/\/hillerodcamping.dk\/de\/kopenhagen\/","title":{"rendered":"Kopenhagen"},"content":{"rendered":"\t\t<div data-elementor-type=\"wp-page\" data-elementor-id=\"12223\" class=\"elementor elementor-12223 elementor-11686\" data-elementor-post-type=\"page\">\n\t\t\t\t<div class=\"elementor-element elementor-element-40755e6c e-flex e-con-boxed e-con e-parent\" data-id=\"40755e6c\" data-element_type=\"container\" data-e-type=\"container\" data-settings=\"{&quot;jet_parallax_layout_list&quot;:[],&quot;background_background&quot;:&quot;classic&quot;}\">\n\t\t\t\t\t<div class=\"e-con-inner\">\n\t\t\t\t\t<\/div>\n\t\t\t\t<\/div>\n\t\t\t\t<section class=\"elementor-section elementor-top-section elementor-element elementor-element-460b8747 elementor-section-boxed elementor-section-height-default elementor-section-height-default\" data-id=\"460b8747\" data-element_type=\"section\" data-e-type=\"section\" data-settings=\"{&quot;jet_parallax_layout_list&quot;:[{&quot;jet_parallax_layout_image&quot;:{&quot;url&quot;:&quot;&quot;,&quot;id&quot;:&quot;&quot;,&quot;size&quot;:&quot;&quot;},&quot;_id&quot;:&quot;e250dad&quot;,&quot;jet_parallax_layout_image_tablet&quot;:{&quot;url&quot;:&quot;&quot;,&quot;id&quot;:&quot;&quot;,&quot;size&quot;:&quot;&quot;},&quot;jet_parallax_layout_image_mobile&quot;:{&quot;url&quot;:&quot;&quot;,&quot;id&quot;:&quot;&quot;,&quot;size&quot;:&quot;&quot;},&quot;jet_parallax_layout_speed&quot;:{&quot;unit&quot;:&quot;%&quot;,&quot;size&quot;:50,&quot;sizes&quot;:[]},&quot;jet_parallax_layout_type&quot;:&quot;scroll&quot;,&quot;jet_parallax_layout_direction&quot;:&quot;1&quot;,&quot;jet_parallax_layout_fx_direction&quot;:null,&quot;jet_parallax_layout_z_index&quot;:&quot;&quot;,&quot;jet_parallax_layout_bg_x&quot;:50,&quot;jet_parallax_layout_bg_x_tablet&quot;:&quot;&quot;,&quot;jet_parallax_layout_bg_x_mobile&quot;:&quot;&quot;,&quot;jet_parallax_layout_bg_y&quot;:50,&quot;jet_parallax_layout_bg_y_tablet&quot;:&quot;&quot;,&quot;jet_parallax_layout_bg_y_mobile&quot;:&quot;&quot;,&quot;jet_parallax_layout_bg_size&quot;:&quot;auto&quot;,&quot;jet_parallax_layout_bg_size_tablet&quot;:&quot;&quot;,&quot;jet_parallax_layout_bg_size_mobile&quot;:&quot;&quot;,&quot;jet_parallax_layout_animation_prop&quot;:&quot;transform&quot;,&quot;jet_parallax_layout_on&quot;:[&quot;desktop&quot;,&quot;tablet&quot;]}]}\">\n\t\t\t\t\t\t<div class=\"elementor-container elementor-column-gap-default\">\n\t\t\t\t\t<div class=\"elementor-column elementor-col-100 elementor-top-column elementor-element elementor-element-7464d0ee\" data-id=\"7464d0ee\" data-element_type=\"column\" data-e-type=\"column\">\n\t\t\t<div class=\"elementor-widget-wrap elementor-element-populated\">\n\t\t\t\t\t\t<div class=\"elementor-element elementor-element-ee85af9 elementor-widget elementor-widget-global elementor-global-1512 elementor-widget-sp-breadcrumbs\" data-id=\"ee85af9\" data-element_type=\"widget\" data-e-type=\"widget\" data-widget_type=\"sp-breadcrumbs.default\">\n\t\t\t\t<div class=\"elementor-widget-container\">\n\t\t\t\t\t<nav  aria-label=\"Brotkrumen\"><ol class=\"breadcrumb\" itemscope itemtype=\"https:\/\/schema.org\/BreadcrumbList\"><li class=\"breadcrumb-item active\" aria-current=\"page\" itemprop=\"itemListElement\" itemscope itemtype=\"https:\/\/schema.org\/ListItem\"><span itemprop=\"name\">Home<\/span><meta itemprop=\"position\" content=\"1\"><\/li><\/ol><\/nav>\t\t\t\t<\/div>\n\t\t\t\t<\/div>\n\t\t\t\t<section class=\"elementor-section elementor-inner-section elementor-element elementor-element-4474c376 elementor-section-boxed elementor-section-height-default elementor-section-height-default\" data-id=\"4474c376\" data-element_type=\"section\" data-e-type=\"section\" data-settings=\"{&quot;jet_parallax_layout_list&quot;:[{&quot;jet_parallax_layout_image&quot;:{&quot;url&quot;:&quot;&quot;,&quot;id&quot;:&quot;&quot;,&quot;size&quot;:&quot;&quot;},&quot;_id&quot;:&quot;ac2d97e&quot;,&quot;jet_parallax_layout_image_tablet&quot;:{&quot;url&quot;:&quot;&quot;,&quot;id&quot;:&quot;&quot;,&quot;size&quot;:&quot;&quot;},&quot;jet_parallax_layout_image_mobile&quot;:{&quot;url&quot;:&quot;&quot;,&quot;id&quot;:&quot;&quot;,&quot;size&quot;:&quot;&quot;},&quot;jet_parallax_layout_speed&quot;:{&quot;unit&quot;:&quot;%&quot;,&quot;size&quot;:50,&quot;sizes&quot;:[]},&quot;jet_parallax_layout_type&quot;:&quot;scroll&quot;,&quot;jet_parallax_layout_direction&quot;:&quot;1&quot;,&quot;jet_parallax_layout_fx_direction&quot;:null,&quot;jet_parallax_layout_z_index&quot;:&quot;&quot;,&quot;jet_parallax_layout_bg_x&quot;:50,&quot;jet_parallax_layout_bg_x_tablet&quot;:&quot;&quot;,&quot;jet_parallax_layout_bg_x_mobile&quot;:&quot;&quot;,&quot;jet_parallax_layout_bg_y&quot;:50,&quot;jet_parallax_layout_bg_y_tablet&quot;:&quot;&quot;,&quot;jet_parallax_layout_bg_y_mobile&quot;:&quot;&quot;,&quot;jet_parallax_layout_bg_size&quot;:&quot;auto&quot;,&quot;jet_parallax_layout_bg_size_tablet&quot;:&quot;&quot;,&quot;jet_parallax_layout_bg_size_mobile&quot;:&quot;&quot;,&quot;jet_parallax_layout_animation_prop&quot;:&quot;transform&quot;,&quot;jet_parallax_layout_on&quot;:[&quot;desktop&quot;,&quot;tablet&quot;]}]}\">\n\t\t\t\t\t\t<div class=\"elementor-container elementor-column-gap-default\">\n\t\t\t\t\t<div class=\"elementor-column elementor-col-50 elementor-inner-column elementor-element elementor-element-77a79ee3\" data-id=\"77a79ee3\" data-element_type=\"column\" data-e-type=\"column\">\n\t\t\t<div class=\"elementor-widget-wrap elementor-element-populated\">\n\t\t\t\t\t\t<div class=\"elementor-element elementor-element-43f55b4b elementor-widget elementor-widget-heading\" data-id=\"43f55b4b\" data-element_type=\"widget\" data-e-type=\"widget\" data-widget_type=\"heading.default\">\n\t\t\t\t<div class=\"elementor-widget-container\">\n\t\t\t\t\t<h1 class=\"elementor-heading-title elementor-size-default\">Kopenhagen<\/h1>\t\t\t\t<\/div>\n\t\t\t\t<\/div>\n\t\t\t\t<div class=\"elementor-element elementor-element-4da24cd0 elementor-widget elementor-widget-heading\" data-id=\"4da24cd0\" data-element_type=\"widget\" data-e-type=\"widget\" data-widget_type=\"heading.default\">\n\t\t\t\t<div class=\"elementor-widget-container\">\n\t\t\t\t\t<h2 class=\"elementor-heading-title elementor-size-default\">Erreichen Sie die gro\u00dfe Stadt in 30 Minuten.<\/h2>\t\t\t\t<\/div>\n\t\t\t\t<\/div>\n\t\t\t\t<div class=\"elementor-element elementor-element-5fafbdc4 elementor-widget-divider--view-line elementor-widget elementor-widget-divider\" data-id=\"5fafbdc4\" data-element_type=\"widget\" data-e-type=\"widget\" data-widget_type=\"divider.default\">\n\t\t\t\t<div class=\"elementor-widget-container\">\n\t\t\t\t\t\t\t<div class=\"elementor-divider\">\n\t\t\t<span class=\"elementor-divider-separator\">\n\t\t\t\t\t\t<\/span>\n\t\t<\/div>\n\t\t\t\t\t\t<\/div>\n\t\t\t\t<\/div>\n\t\t\t\t\t<\/div>\n\t\t<\/div>\n\t\t\t\t<div class=\"elementor-column elementor-col-50 elementor-inner-column elementor-element elementor-element-5d13c128\" data-id=\"5d13c128\" data-element_type=\"column\" data-e-type=\"column\">\n\t\t\t<div class=\"elementor-widget-wrap\">\n\t\t\t\t\t\t\t<\/div>\n\t\t<\/div>\n\t\t\t\t\t<\/div>\n\t\t<\/section>\n\t\t\t\t\t<\/div>\n\t\t<\/div>\n\t\t\t\t\t<\/div>\n\t\t<\/section>\n\t\t\t\t<section class=\"elementor-section elementor-top-section elementor-element elementor-element-57bcf2af elementor-section-boxed elementor-section-height-default elementor-section-height-default\" data-id=\"57bcf2af\" data-element_type=\"section\" data-e-type=\"section\" data-settings=\"{&quot;background_background&quot;:&quot;classic&quot;,&quot;jet_parallax_layout_list&quot;:[{&quot;jet_parallax_layout_image&quot;:{&quot;url&quot;:&quot;&quot;,&quot;id&quot;:&quot;&quot;,&quot;size&quot;:&quot;&quot;},&quot;_id&quot;:&quot;2150f4b&quot;,&quot;jet_parallax_layout_image_tablet&quot;:{&quot;url&quot;:&quot;&quot;,&quot;id&quot;:&quot;&quot;,&quot;size&quot;:&quot;&quot;},&quot;jet_parallax_layout_image_mobile&quot;:{&quot;url&quot;:&quot;&quot;,&quot;id&quot;:&quot;&quot;,&quot;size&quot;:&quot;&quot;},&quot;jet_parallax_layout_speed&quot;:{&quot;unit&quot;:&quot;%&quot;,&quot;size&quot;:50,&quot;sizes&quot;:[]},&quot;jet_parallax_layout_type&quot;:&quot;scroll&quot;,&quot;jet_parallax_layout_direction&quot;:&quot;1&quot;,&quot;jet_parallax_layout_fx_direction&quot;:null,&quot;jet_parallax_layout_z_index&quot;:&quot;&quot;,&quot;jet_parallax_layout_bg_x&quot;:50,&quot;jet_parallax_layout_bg_x_tablet&quot;:&quot;&quot;,&quot;jet_parallax_layout_bg_x_mobile&quot;:&quot;&quot;,&quot;jet_parallax_layout_bg_y&quot;:50,&quot;jet_parallax_layout_bg_y_tablet&quot;:&quot;&quot;,&quot;jet_parallax_layout_bg_y_mobile&quot;:&quot;&quot;,&quot;jet_parallax_layout_bg_size&quot;:&quot;auto&quot;,&quot;jet_parallax_layout_bg_size_tablet&quot;:&quot;&quot;,&quot;jet_parallax_layout_bg_size_mobile&quot;:&quot;&quot;,&quot;jet_parallax_layout_animation_prop&quot;:&quot;transform&quot;,&quot;jet_parallax_layout_on&quot;:[&quot;desktop&quot;,&quot;tablet&quot;]}]}\">\n\t\t\t\t\t\t<div class=\"elementor-container elementor-column-gap-default\">\n\t\t\t\t\t<div class=\"elementor-column elementor-col-50 elementor-top-column elementor-element elementor-element-5d8449bb\" data-id=\"5d8449bb\" data-element_type=\"column\" data-e-type=\"column\">\n\t\t\t<div class=\"elementor-widget-wrap elementor-element-populated\">\n\t\t\t\t\t\t<div class=\"elementor-element elementor-element-33d38a41 introtext elementor-widget elementor-widget-text-editor\" data-id=\"33d38a41\" data-element_type=\"widget\" data-e-type=\"widget\" data-widget_type=\"text-editor.default\">\n\t\t\t\t<div class=\"elementor-widget-container\">\n\t\t\t\t\t\t\t\t\t<p><span style=\"color: var( --e-global-color-text );\">Die Stadt bietet viele Attraktionen und Erlebnisse, die Sie unbedingt ausprobieren sollten &#8211; hier eine Auswahl davon.<\/span><\/p><div><p><strong>Abreise mit dem Zug:<\/strong><\/p><\/div><p class=\"p1\">Finden Sie hier die n\u00e4chste Abfahrt nach Kopenhagen <span class=\"s1\"><a href=\"https:\/\/www.dsb.dk\/en\/\" target=\"_blank\" rel=\"noopener\">hier<\/a><\/span> oder fragen Sie gerne an der Rezeption. Vom Bahnhof Hiller\u00f8d fahren ca. alle 10 Minuten S-Bahnen (Linie A) direkt zum N\u00f8rreport. w\u00e4hrend der Tageszeit und etwa alle 20 Minuten. in den Abendstunden. Der Zug f\u00e4hrt auch die ganze Nacht am Freitag und Samstag zwischen 00:00 und 06:00 Uhr. Sie k\u00f6nnen Ihr Fahrrad kostenlos im Zug mitnehmen.<\/p><p><strong>Kopenhagen-Karte:<\/strong><\/p><p>Sie k\u00f6nnen eine Menge Geld sparen, wenn Sie eine <a href=\"https:\/\/copenhagencard.com\/?lang=DA\" target=\"_blank\" rel=\"noopener\">Kopenhagen Card<\/a> kaufen, mit der Sie freie Fahrt und freien Eintritt zu 87 Attraktionen und Museen haben. <br>Sie k\u00f6nnen 2 Kinder unter 12 Jahren kostenlos mitbringen. Die Preise reichen von DKK 479 (EUR 64) bis DKK 545 (EUR 73).<\/p><p><strong>Citypass:<\/strong><\/p><p class=\"hero-subtitle-new\">Erkunden Sie Kopenhagen oder gr\u00f6\u00dfere Gebiete auf Seeland und den Inseln bequem mit Bus, Bahn und U-Bahn &#8211; und nehmen Sie zwei Kinder kostenlos mit. Lesen Sie <a href=\"https:\/\/www.dsb.dk\/find-produkter-og-services\/citypass\/\">hier<\/a> mehr. <\/p><div><p><strong>Attraktionen und Erlebnisse in Kopenhagen:<\/strong><\/p><p><a href=\"https:\/\/www.visitcopenhagen.dk\/koebenhavn\/planlaeg-din-tur\/stroeget-gdk414471\"><span style=\"text-decoration: underline;\">Str\u00f8get:<\/span><\/a> Besuchen Sie die ber\u00fchmte Fu\u00dfg\u00e4ngerzone mit \u00fcber 1 Kilometer Einkaufsstra\u00dfe, die eine F\u00fclle von Gesch\u00e4ften bietet.<\/p><p><a href=\"https:\/\/www.visitcopenhagen.dk\/koebenhavn\/planlaeg-din-tur\/kongens-have-gdk420899\"><span style=\"text-decoration: underline;\">Der Garten des K\u00f6nigs<\/span><\/a> ist der \u00e4lteste k\u00f6nigliche Garten D\u00e4nemarks und wurde von Christian IV. in den fr\u00fchen 1600er Jahren im Stil der Renaissance angelegt. Es ist auch der meistgenutzte Park in Kopenhagen.<\/p><p><span style=\"text-decoration: underline;\"><a href=\"https:\/\/snm.dk\/da\/botanisk-have\">Botanischer Garten:<\/a><\/span> ist ein Freilichtmuseum mit D\u00e4nemarks gr\u00f6\u00dfter Sammlung von lebenden Pflanzen.<\/p><p><a href=\"https:\/\/www.visitcopenhagen.dk\/koebenhavn\/planlaeg-din-tur\/den-lille-havfrue-gdk586951\"><span style=\"text-decoration: underline;\">Die kleine Meerjungfrau:<\/span><\/a> ist eine Skulptur, die in Langelinje in Kopenhagen steht. Es war ein Geschenk von Carl Jacobsen an die Stadt Kopenhagen.<\/p><p><a href=\"https:\/\/www.tivoli.dk\/\"><span style=\"text-decoration: underline;\">Tivoli G\u00e4rten:<\/span><\/a> ist ein Vergn\u00fcgungspark in Kopenhagen und bietet wilde Fahrgesch\u00e4fte, gutes Essen und tolle Konzerte.<\/p><p><a href=\"https:\/\/www.zoo.dk\/\"><span style=\"text-decoration: underline;\">Der Zoo:<\/span><\/a> Mit seinen 11 Hektar ist er einer der \u00e4ltesten Zoos in Europa. Wenn Sie den Garten besuchen, k\u00f6nnen Sie mehr als 4000 faszinierende Tiere aus der ganzen Welt sehen.<\/p><p><a href=\"https:\/\/denblaaplanet.dk\/\"><span style=\"text-decoration: underline;\">Der Blaue Planet:<\/span><\/a> ist ein Ausstellungsaquarium und tats\u00e4chlich das gr\u00f6\u00dfte Aquarium in Nordeuropa.<\/p><p><a href=\"https:\/\/www.smk.dk\/\"><span style=\"text-decoration: underline;\">Die Nationalgalerie von D\u00e4nemark:<\/span><\/a> ist die Nationalgalerie D\u00e4nemarks und das wichtigste Museum f\u00fcr visuelle Kunst. Hier finden Sie mehr als 700 Jahre Kunst und Kunstgeschichte.  <\/p><p><a href=\"https:\/\/www.kongernessamling.dk\/amalienborg\/\"><span style=\"text-decoration: underline;\">Amalienborg:<\/span><\/a> ist die Residenz der k\u00f6niglichen Familie in Kopenhagen und besteht aus vier identischen Villen.<\/p><p><a href=\"https:\/\/www.rundetaarn.dk\/\"><span style=\"text-decoration: underline;\">Der Runde Turm:<\/span><\/a> ist ein 41,55 Meter hoher Turm und wurde 1642 von Christian IV. als astronomisches Observatorium gebaut.<\/p><p><a href=\"https:\/\/glyptoteket.dk\/\"><span style=\"text-decoration: underline;\">Die Glyptotek:<\/span><\/a> Ist ein beeindruckendes Kunstmuseum mit Marmork\u00f6rpern, Gem\u00e4lden, Mumien und mediterranem Ambiente.<\/p><\/div><p><strong>Weitere Informationen \u00fcber Attraktionen oder andere spannende Ausfl\u00fcge nach Kopenhagen finden Sie <a href=\"https:\/\/www.visitcopenhagen.dk\/node\/1345\">hier.<\/a> <\/strong><\/p>\t\t\t\t\t\t\t\t<\/div>\n\t\t\t\t<\/div>\n\t\t\t\t\t<\/div>\n\t\t<\/div>\n\t\t\t\t<div class=\"elementor-column elementor-col-50 elementor-top-column elementor-element elementor-element-26a1bfb5\" data-id=\"26a1bfb5\" data-element_type=\"column\" data-e-type=\"column\" data-settings=\"{&quot;background_background&quot;:&quot;classic&quot;}\">\n\t\t\t<div class=\"elementor-widget-wrap elementor-element-populated\">\n\t\t\t\t\t\t<section class=\"elementor-section elementor-inner-section elementor-element elementor-element-770f3672 elementor-hidden-mobile elementor-section-boxed elementor-section-height-default elementor-section-height-default\" data-id=\"770f3672\" data-element_type=\"section\" data-e-type=\"section\" data-settings=\"{&quot;background_background&quot;:&quot;classic&quot;,&quot;jet_parallax_layout_list&quot;:[{&quot;jet_parallax_layout_image&quot;:{&quot;url&quot;:&quot;&quot;,&quot;id&quot;:&quot;&quot;,&quot;size&quot;:&quot;&quot;},&quot;_id&quot;:&quot;9bf213a&quot;,&quot;jet_parallax_layout_image_tablet&quot;:{&quot;url&quot;:&quot;&quot;,&quot;id&quot;:&quot;&quot;,&quot;size&quot;:&quot;&quot;},&quot;jet_parallax_layout_image_mobile&quot;:{&quot;url&quot;:&quot;&quot;,&quot;id&quot;:&quot;&quot;,&quot;size&quot;:&quot;&quot;},&quot;jet_parallax_layout_speed&quot;:{&quot;unit&quot;:&quot;%&quot;,&quot;size&quot;:50,&quot;sizes&quot;:[]},&quot;jet_parallax_layout_type&quot;:&quot;scroll&quot;,&quot;jet_parallax_layout_direction&quot;:&quot;1&quot;,&quot;jet_parallax_layout_fx_direction&quot;:null,&quot;jet_parallax_layout_z_index&quot;:&quot;&quot;,&quot;jet_parallax_layout_bg_x&quot;:50,&quot;jet_parallax_layout_bg_x_tablet&quot;:&quot;&quot;,&quot;jet_parallax_layout_bg_x_mobile&quot;:&quot;&quot;,&quot;jet_parallax_layout_bg_y&quot;:50,&quot;jet_parallax_layout_bg_y_tablet&quot;:&quot;&quot;,&quot;jet_parallax_layout_bg_y_mobile&quot;:&quot;&quot;,&quot;jet_parallax_layout_bg_size&quot;:&quot;auto&quot;,&quot;jet_parallax_layout_bg_size_tablet&quot;:&quot;&quot;,&quot;jet_parallax_layout_bg_size_mobile&quot;:&quot;&quot;,&quot;jet_parallax_layout_animation_prop&quot;:&quot;transform&quot;,&quot;jet_parallax_layout_on&quot;:[&quot;desktop&quot;,&quot;tablet&quot;]}]}\">\n\t\t\t\t\t\t<div class=\"elementor-container elementor-column-gap-default\">\n\t\t\t\t\t<div class=\"elementor-column elementor-col-100 elementor-inner-column elementor-element elementor-element-3fc1aa36\" data-id=\"3fc1aa36\" data-element_type=\"column\" data-e-type=\"column\" data-settings=\"{&quot;background_background&quot;:&quot;classic&quot;}\">\n\t\t\t<div class=\"elementor-widget-wrap elementor-element-populated\">\n\t\t\t\t\t\t<div class=\"elementor-element elementor-element-5c667662 elementor-widget elementor-widget-heading\" data-id=\"5c667662\" data-element_type=\"widget\" data-e-type=\"widget\" data-widget_type=\"heading.default\">\n\t\t\t\t<div class=\"elementor-widget-container\">\n\t\t\t\t\t<h2 class=\"elementor-heading-title elementor-size-default\">Zus\u00e4tzliche Informationen<\/h2>\t\t\t\t<\/div>\n\t\t\t\t<\/div>\n\t\t\t\t<div class=\"elementor-element elementor-element-1c44d8d7 elementor-nav-menu__align-start right-submenu elementor-nav-menu--dropdown-none elementor-widget elementor-widget-nav-menu\" data-id=\"1c44d8d7\" data-element_type=\"widget\" data-e-type=\"widget\" data-settings=\"{&quot;layout&quot;:&quot;vertical&quot;,&quot;submenu_icon&quot;:{&quot;value&quot;:&quot;&lt;i class=\\&quot;\\&quot; aria-hidden=\\&quot;true\\&quot;&gt;&lt;\\\/i&gt;&quot;,&quot;library&quot;:&quot;&quot;}}\" data-widget_type=\"nav-menu.default\">\n\t\t\t\t<div class=\"elementor-widget-container\">\n\t\t\t\t\t\t\t\t<nav aria-label=\"Menu\" class=\"elementor-nav-menu--main elementor-nav-menu__container elementor-nav-menu--layout-vertical e--pointer-none\">\n\t\t\t\t<ul id=\"menu-1-1c44d8d7\" class=\"elementor-nav-menu sm-vertical\"><li class=\"menu-item menu-item-type-post_type menu-item-object-page menu-item-5083\"><a href=\"https:\/\/hillerodcamping.dk\/de\/einrichtungen\/\" class=\"elementor-item\">Einrichtungen<\/a><\/li>\n<li class=\"menu-item menu-item-type-post_type menu-item-object-page menu-item-5084\"><a href=\"https:\/\/hillerodcamping.dk\/de\/lageplan\/\" class=\"elementor-item\">Lageplan<\/a><\/li>\n<li class=\"menu-item menu-item-type-post_type menu-item-object-page menu-item-5085\"><a href=\"https:\/\/hillerodcamping.dk\/de\/rezeption-kiosk\/\" class=\"elementor-item\">Rezeption &amp; Kiosk<\/a><\/li>\n<li class=\"menu-item menu-item-type-post_type menu-item-object-page menu-item-5086\"><a href=\"https:\/\/hillerodcamping.dk\/de\/praktische-informationen\/\" class=\"elementor-item\">Praktische Informationen<\/a><\/li>\n<li class=\"menu-item menu-item-type-post_type menu-item-object-page menu-item-5087\"><a href=\"https:\/\/hillerodcamping.dk\/de\/treffen-sie-den-campleiter\/\" class=\"elementor-item\">Treffen Sie den Campleiter<\/a><\/li>\n<li class=\"menu-item menu-item-type-post_type menu-item-object-page current_page_parent menu-item-5088\"><a href=\"https:\/\/hillerodcamping.dk\/de\/presse-nachrichten\/\" class=\"elementor-item\">Presse &amp; Nachrichten<\/a><\/li>\n<li class=\"menu-item menu-item-type-post_type menu-item-object-page menu-item-5089\"><a href=\"https:\/\/hillerodcamping.dk\/de\/geschichte-des-platzes\/\" class=\"elementor-item\">Geschichte des Platzes<\/a><\/li>\n<\/ul>\t\t\t<\/nav>\n\t\t\t\t\t\t<nav class=\"elementor-nav-menu--dropdown elementor-nav-menu__container\" aria-hidden=\"true\">\n\t\t\t\t<ul id=\"menu-2-1c44d8d7\" class=\"elementor-nav-menu sm-vertical\"><li class=\"menu-item menu-item-type-post_type menu-item-object-page menu-item-5083\"><a href=\"https:\/\/hillerodcamping.dk\/de\/einrichtungen\/\" class=\"elementor-item\" tabindex=\"-1\">Einrichtungen<\/a><\/li>\n<li class=\"menu-item menu-item-type-post_type menu-item-object-page menu-item-5084\"><a href=\"https:\/\/hillerodcamping.dk\/de\/lageplan\/\" class=\"elementor-item\" tabindex=\"-1\">Lageplan<\/a><\/li>\n<li class=\"menu-item menu-item-type-post_type menu-item-object-page menu-item-5085\"><a href=\"https:\/\/hillerodcamping.dk\/de\/rezeption-kiosk\/\" class=\"elementor-item\" tabindex=\"-1\">Rezeption &amp; Kiosk<\/a><\/li>\n<li class=\"menu-item menu-item-type-post_type menu-item-object-page menu-item-5086\"><a href=\"https:\/\/hillerodcamping.dk\/de\/praktische-informationen\/\" class=\"elementor-item\" tabindex=\"-1\">Praktische Informationen<\/a><\/li>\n<li class=\"menu-item menu-item-type-post_type menu-item-object-page menu-item-5087\"><a href=\"https:\/\/hillerodcamping.dk\/de\/treffen-sie-den-campleiter\/\" class=\"elementor-item\" tabindex=\"-1\">Treffen Sie den Campleiter<\/a><\/li>\n<li class=\"menu-item menu-item-type-post_type menu-item-object-page current_page_parent menu-item-5088\"><a href=\"https:\/\/hillerodcamping.dk\/de\/presse-nachrichten\/\" class=\"elementor-item\" tabindex=\"-1\">Presse &amp; Nachrichten<\/a><\/li>\n<li class=\"menu-item menu-item-type-post_type menu-item-object-page menu-item-5089\"><a href=\"https:\/\/hillerodcamping.dk\/de\/geschichte-des-platzes\/\" class=\"elementor-item\" tabindex=\"-1\">Geschichte des Platzes<\/a><\/li>\n<\/ul>\t\t\t<\/nav>\n\t\t\t\t\t\t<\/div>\n\t\t\t\t<\/div>\n\t\t\t\t\t<\/div>\n\t\t<\/div>\n\t\t\t\t\t<\/div>\n\t\t<\/section>\n\t\t\t\t\t<\/div>\n\t\t<\/div>\n\t\t\t\t\t<\/div>\n\t\t<\/section>\n\t\t\t\t<section class=\"elementor-section elementor-top-section elementor-element elementor-element-46c87a66 elementor-section-full_width elementor-section-height-default elementor-section-height-default\" data-id=\"46c87a66\" data-element_type=\"section\" data-e-type=\"section\" data-settings=\"{&quot;jet_parallax_layout_list&quot;:[{&quot;jet_parallax_layout_image&quot;:{&quot;url&quot;:&quot;&quot;,&quot;id&quot;:&quot;&quot;,&quot;size&quot;:&quot;&quot;},&quot;_id&quot;:&quot;7a4029d&quot;,&quot;jet_parallax_layout_image_tablet&quot;:{&quot;url&quot;:&quot;&quot;,&quot;id&quot;:&quot;&quot;,&quot;size&quot;:&quot;&quot;},&quot;jet_parallax_layout_image_mobile&quot;:{&quot;url&quot;:&quot;&quot;,&quot;id&quot;:&quot;&quot;,&quot;size&quot;:&quot;&quot;},&quot;jet_parallax_layout_speed&quot;:{&quot;unit&quot;:&quot;%&quot;,&quot;size&quot;:50,&quot;sizes&quot;:[]},&quot;jet_parallax_layout_type&quot;:&quot;scroll&quot;,&quot;jet_parallax_layout_direction&quot;:&quot;1&quot;,&quot;jet_parallax_layout_fx_direction&quot;:null,&quot;jet_parallax_layout_z_index&quot;:&quot;&quot;,&quot;jet_parallax_layout_bg_x&quot;:50,&quot;jet_parallax_layout_bg_x_tablet&quot;:&quot;&quot;,&quot;jet_parallax_layout_bg_x_mobile&quot;:&quot;&quot;,&quot;jet_parallax_layout_bg_y&quot;:50,&quot;jet_parallax_layout_bg_y_tablet&quot;:&quot;&quot;,&quot;jet_parallax_layout_bg_y_mobile&quot;:&quot;&quot;,&quot;jet_parallax_layout_bg_size&quot;:&quot;auto&quot;,&quot;jet_parallax_layout_bg_size_tablet&quot;:&quot;&quot;,&quot;jet_parallax_layout_bg_size_mobile&quot;:&quot;&quot;,&quot;jet_parallax_layout_animation_prop&quot;:&quot;transform&quot;,&quot;jet_parallax_layout_on&quot;:[&quot;desktop&quot;,&quot;tablet&quot;]}]}\">\n\t\t\t\t\t\t<div class=\"elementor-container elementor-column-gap-default\">\n\t\t\t\t\t<div class=\"elementor-column elementor-col-100 elementor-top-column elementor-element elementor-element-6bdfbdfd\" data-id=\"6bdfbdfd\" data-element_type=\"column\" data-e-type=\"column\">\n\t\t\t<div class=\"elementor-widget-wrap\">\n\t\t\t\t\t\t\t<\/div>\n\t\t<\/div>\n\t\t\t\t\t<\/div>\n\t\t<\/section>\n\t\t<div class=\"elementor-element elementor-element-06933b2 e-flex e-con-boxed e-con e-parent\" data-id=\"06933b2\" data-element_type=\"container\" data-e-type=\"container\" data-settings=\"{&quot;jet_parallax_layout_list&quot;:[]}\">\n\t\t\t\t\t<div class=\"e-con-inner\">\n\t\t<div class=\"elementor-element elementor-element-0d3bac5 e-flex e-con-boxed e-con e-child\" data-id=\"0d3bac5\" data-element_type=\"container\" data-e-type=\"container\" data-settings=\"{&quot;jet_parallax_layout_list&quot;:[]}\">\n\t\t\t\t\t<div class=\"e-con-inner\">\n\t\t\t\t\t<\/div>\n\t\t\t\t<\/div>\n\t\t\t\t\t<\/div>\n\t\t\t\t<\/div>\n\t\t<div class=\"elementor-element elementor-element-f286ac3 e-flex e-con-boxed e-con e-parent\" data-id=\"f286ac3\" data-element_type=\"container\" data-e-type=\"container\" data-settings=\"{&quot;jet_parallax_layout_list&quot;:[]}\">\n\t\t\t\t\t<div class=\"e-con-inner\">\n\t\t\t\t\t<\/div>\n\t\t\t\t<\/div>\n\t\t<div class=\"elementor-element elementor-element-ab1f165 e-flex e-con-boxed e-con e-parent\" data-id=\"ab1f165\" data-element_type=\"container\" data-e-type=\"container\" data-settings=\"{&quot;jet_parallax_layout_list&quot;:[]}\">\n\t\t\t\t\t<div class=\"e-con-inner\">\n\t\t\t\t\t<\/div>\n\t\t\t\t<\/div>\n\t\t<div class=\"elementor-element elementor-element-ba62f32 e-flex e-con-boxed e-con e-parent\" data-id=\"ba62f32\" data-element_type=\"container\" data-e-type=\"container\" data-settings=\"{&quot;jet_parallax_layout_list&quot;:[]}\">\n\t\t\t\t\t<div class=\"e-con-inner\">\n\t\t\t\t\t<\/div>\n\t\t\t\t<\/div>\n\t\t\t\t<\/div>\n\t\t","protected":false},"excerpt":{"rendered":"<p>Home Kopenhagen Erreichen Sie die gro\u00dfe Stadt in 30 Minuten. Die Stadt bietet viele Attraktionen und Erlebnisse, die Sie unbedingt ausprobieren sollten &#8211; hier eine Auswahl davon. Abreise mit dem [&hellip;]<\/p>\n","protected":false},"author":1,"featured_media":0,"parent":0,"menu_order":2,"comment_status":"closed","ping_status":"closed","template":"elementor_header_footer","meta":{"_seopress_robots_primary_cat":"","_seopress_titles_title":"","_seopress_titles_desc":"","_seopress_robots_index":"","iawp_total_views":62,"footnotes":""},"sidekategori":[],"class_list":["post-12223","page","type-page","status-publish","hentry"],"_links":{"self":[{"href":"https:\/\/hillerodcamping.dk\/de\/wp-json\/wp\/v2\/pages\/12223","targetHints":{"allow":["GET"]}}],"collection":[{"href":"https:\/\/hillerodcamping.dk\/de\/wp-json\/wp\/v2\/pages"}],"about":[{"href":"https:\/\/hillerodcamping.dk\/de\/wp-json\/wp\/v2\/types\/page"}],"author":[{"embeddable":true,"href":"https:\/\/hillerodcamping.dk\/de\/wp-json\/wp\/v2\/users\/1"}],"replies":[{"embeddable":true,"href":"https:\/\/hillerodcamping.dk\/de\/wp-json\/wp\/v2\/comments?post=12223"}],"version-history":[{"count":20,"href":"https:\/\/hillerodcamping.dk\/de\/wp-json\/wp\/v2\/pages\/12223\/revisions"}],"predecessor-version":[{"id":19717,"href":"https:\/\/hillerodcamping.dk\/de\/wp-json\/wp\/v2\/pages\/12223\/revisions\/19717"}],"wp:attachment":[{"href":"https:\/\/hillerodcamping.dk\/de\/wp-json\/wp\/v2\/media?parent=12223"}],"wp:term":[{"taxonomy":"sidekategori","embeddable":true,"href":"https:\/\/hillerodcamping.dk\/de\/wp-json\/wp\/v2\/sidekategori?post=12223"}],"curies":[{"name":"wp","href":"https:\/\/api.w.org\/{rel}","templated":true}]}}