{"id":4688,"date":"2023-04-19T11:29:09","date_gmt":"2023-04-19T10:29:09","guid":{"rendered":"https:\/\/hillerodcamping.dk\/praktische-informationen\/"},"modified":"2025-11-19T13:43:19","modified_gmt":"2025-11-19T12:43:19","slug":"praktische-informationen","status":"publish","type":"page","link":"https:\/\/hillerodcamping.dk\/de\/praktische-informationen\/","title":{"rendered":"Praktische Informationen"},"content":{"rendered":"\t\t<div data-elementor-type=\"wp-page\" data-elementor-id=\"4688\" class=\"elementor elementor-4688 elementor-387\" data-elementor-post-type=\"page\">\n\t\t\t\t<div class=\"elementor-element elementor-element-5ceeda5 e-flex e-con-boxed e-con e-parent\" data-id=\"5ceeda5\" data-element_type=\"container\" data-e-type=\"container\" data-settings=\"{&quot;jet_parallax_layout_list&quot;:[],&quot;background_background&quot;:&quot;classic&quot;}\">\n\t\t\t\t\t<div class=\"e-con-inner\">\n\t\t\t\t\t<\/div>\n\t\t\t\t<\/div>\n\t\t\t\t<section class=\"elementor-section elementor-top-section elementor-element elementor-element-50eeb4c2 elementor-section-boxed elementor-section-height-default elementor-section-height-default\" data-id=\"50eeb4c2\" data-element_type=\"section\" data-e-type=\"section\" data-settings=\"{&quot;jet_parallax_layout_list&quot;:[{&quot;jet_parallax_layout_image&quot;:{&quot;url&quot;:&quot;&quot;,&quot;id&quot;:&quot;&quot;,&quot;size&quot;:&quot;&quot;},&quot;_id&quot;:&quot;e250dad&quot;,&quot;jet_parallax_layout_image_tablet&quot;:{&quot;url&quot;:&quot;&quot;,&quot;id&quot;:&quot;&quot;,&quot;size&quot;:&quot;&quot;},&quot;jet_parallax_layout_image_mobile&quot;:{&quot;url&quot;:&quot;&quot;,&quot;id&quot;:&quot;&quot;,&quot;size&quot;:&quot;&quot;},&quot;jet_parallax_layout_speed&quot;:{&quot;unit&quot;:&quot;%&quot;,&quot;size&quot;:50,&quot;sizes&quot;:[]},&quot;jet_parallax_layout_type&quot;:&quot;scroll&quot;,&quot;jet_parallax_layout_direction&quot;:&quot;1&quot;,&quot;jet_parallax_layout_fx_direction&quot;:null,&quot;jet_parallax_layout_z_index&quot;:&quot;&quot;,&quot;jet_parallax_layout_bg_x&quot;:50,&quot;jet_parallax_layout_bg_x_tablet&quot;:&quot;&quot;,&quot;jet_parallax_layout_bg_x_mobile&quot;:&quot;&quot;,&quot;jet_parallax_layout_bg_y&quot;:50,&quot;jet_parallax_layout_bg_y_tablet&quot;:&quot;&quot;,&quot;jet_parallax_layout_bg_y_mobile&quot;:&quot;&quot;,&quot;jet_parallax_layout_bg_size&quot;:&quot;auto&quot;,&quot;jet_parallax_layout_bg_size_tablet&quot;:&quot;&quot;,&quot;jet_parallax_layout_bg_size_mobile&quot;:&quot;&quot;,&quot;jet_parallax_layout_animation_prop&quot;:&quot;transform&quot;,&quot;jet_parallax_layout_on&quot;:[&quot;desktop&quot;,&quot;tablet&quot;]}]}\">\n\t\t\t\t\t\t<div class=\"elementor-container elementor-column-gap-default\">\n\t\t\t\t\t<div class=\"elementor-column elementor-col-100 elementor-top-column elementor-element elementor-element-642ecf07\" data-id=\"642ecf07\" data-element_type=\"column\" data-e-type=\"column\">\n\t\t\t<div class=\"elementor-widget-wrap elementor-element-populated\">\n\t\t\t\t\t\t<div class=\"elementor-element elementor-element-add90bb elementor-widget elementor-widget-global elementor-global-1512 elementor-widget-sp-breadcrumbs\" data-id=\"add90bb\" data-element_type=\"widget\" data-e-type=\"widget\" data-widget_type=\"sp-breadcrumbs.default\">\n\t\t\t\t<div class=\"elementor-widget-container\">\n\t\t\t\t\t<nav  aria-label=\"Brotkrumen\"><ol class=\"breadcrumb\" itemscope itemtype=\"https:\/\/schema.org\/BreadcrumbList\"><li class=\"breadcrumb-item active\" aria-current=\"page\" itemprop=\"itemListElement\" itemscope itemtype=\"https:\/\/schema.org\/ListItem\"><span itemprop=\"name\">Home<\/span><meta itemprop=\"position\" content=\"1\"><\/li><\/ol><\/nav>\t\t\t\t<\/div>\n\t\t\t\t<\/div>\n\t\t\t\t<section class=\"elementor-section elementor-inner-section elementor-element elementor-element-532477f7 elementor-section-boxed elementor-section-height-default elementor-section-height-default\" data-id=\"532477f7\" data-element_type=\"section\" data-e-type=\"section\" data-settings=\"{&quot;jet_parallax_layout_list&quot;:[{&quot;jet_parallax_layout_image&quot;:{&quot;url&quot;:&quot;&quot;,&quot;id&quot;:&quot;&quot;,&quot;size&quot;:&quot;&quot;},&quot;_id&quot;:&quot;ac2d97e&quot;,&quot;jet_parallax_layout_image_tablet&quot;:{&quot;url&quot;:&quot;&quot;,&quot;id&quot;:&quot;&quot;,&quot;size&quot;:&quot;&quot;},&quot;jet_parallax_layout_image_mobile&quot;:{&quot;url&quot;:&quot;&quot;,&quot;id&quot;:&quot;&quot;,&quot;size&quot;:&quot;&quot;},&quot;jet_parallax_layout_speed&quot;:{&quot;unit&quot;:&quot;%&quot;,&quot;size&quot;:50,&quot;sizes&quot;:[]},&quot;jet_parallax_layout_type&quot;:&quot;scroll&quot;,&quot;jet_parallax_layout_direction&quot;:&quot;1&quot;,&quot;jet_parallax_layout_fx_direction&quot;:null,&quot;jet_parallax_layout_z_index&quot;:&quot;&quot;,&quot;jet_parallax_layout_bg_x&quot;:50,&quot;jet_parallax_layout_bg_x_tablet&quot;:&quot;&quot;,&quot;jet_parallax_layout_bg_x_mobile&quot;:&quot;&quot;,&quot;jet_parallax_layout_bg_y&quot;:50,&quot;jet_parallax_layout_bg_y_tablet&quot;:&quot;&quot;,&quot;jet_parallax_layout_bg_y_mobile&quot;:&quot;&quot;,&quot;jet_parallax_layout_bg_size&quot;:&quot;auto&quot;,&quot;jet_parallax_layout_bg_size_tablet&quot;:&quot;&quot;,&quot;jet_parallax_layout_bg_size_mobile&quot;:&quot;&quot;,&quot;jet_parallax_layout_animation_prop&quot;:&quot;transform&quot;,&quot;jet_parallax_layout_on&quot;:[&quot;desktop&quot;,&quot;tablet&quot;]}]}\">\n\t\t\t\t\t\t<div class=\"elementor-container elementor-column-gap-default\">\n\t\t\t\t\t<div class=\"elementor-column elementor-col-50 elementor-inner-column elementor-element elementor-element-7fd6fdfe\" data-id=\"7fd6fdfe\" data-element_type=\"column\" data-e-type=\"column\">\n\t\t\t<div class=\"elementor-widget-wrap elementor-element-populated\">\n\t\t\t\t\t\t<div class=\"elementor-element elementor-element-3d049a10 elementor-widget elementor-widget-heading\" data-id=\"3d049a10\" data-element_type=\"widget\" data-e-type=\"widget\" data-widget_type=\"heading.default\">\n\t\t\t\t<div class=\"elementor-widget-container\">\n\t\t\t\t\t<h1 class=\"elementor-heading-title elementor-size-default\">Praktische Informationen<\/h1>\t\t\t\t<\/div>\n\t\t\t\t<\/div>\n\t\t\t\t<div class=\"elementor-element elementor-element-5ddf06fd elementor-widget elementor-widget-heading\" data-id=\"5ddf06fd\" data-element_type=\"widget\" data-e-type=\"widget\" data-widget_type=\"heading.default\">\n\t\t\t\t<div class=\"elementor-widget-container\">\n\t\t\t\t\t<h2 class=\"elementor-heading-title elementor-size-default\">Richtlinien f\u00fcr unser Gemeinwohl<\/h2>\t\t\t\t<\/div>\n\t\t\t\t<\/div>\n\t\t\t\t<div class=\"elementor-element elementor-element-546ae6bf elementor-widget-divider--view-line elementor-widget elementor-widget-divider\" data-id=\"546ae6bf\" data-element_type=\"widget\" data-e-type=\"widget\" data-widget_type=\"divider.default\">\n\t\t\t\t<div class=\"elementor-widget-container\">\n\t\t\t\t\t\t\t<div class=\"elementor-divider\">\n\t\t\t<span class=\"elementor-divider-separator\">\n\t\t\t\t\t\t<\/span>\n\t\t<\/div>\n\t\t\t\t\t\t<\/div>\n\t\t\t\t<\/div>\n\t\t\t\t\t<\/div>\n\t\t<\/div>\n\t\t\t\t<div class=\"elementor-column elementor-col-50 elementor-inner-column elementor-element elementor-element-48aea96a\" data-id=\"48aea96a\" data-element_type=\"column\" data-e-type=\"column\">\n\t\t\t<div class=\"elementor-widget-wrap\">\n\t\t\t\t\t\t\t<\/div>\n\t\t<\/div>\n\t\t\t\t\t<\/div>\n\t\t<\/section>\n\t\t\t\t\t<\/div>\n\t\t<\/div>\n\t\t\t\t\t<\/div>\n\t\t<\/section>\n\t\t\t\t<section class=\"elementor-section elementor-top-section elementor-element elementor-element-0f28a57 elementor-section-boxed elementor-section-height-default elementor-section-height-default\" data-id=\"0f28a57\" data-element_type=\"section\" data-e-type=\"section\" data-settings=\"{&quot;jet_parallax_layout_list&quot;:[{&quot;jet_parallax_layout_image&quot;:{&quot;url&quot;:&quot;&quot;,&quot;id&quot;:&quot;&quot;,&quot;size&quot;:&quot;&quot;},&quot;_id&quot;:&quot;9757727&quot;,&quot;jet_parallax_layout_image_tablet&quot;:{&quot;url&quot;:&quot;&quot;,&quot;id&quot;:&quot;&quot;,&quot;size&quot;:&quot;&quot;},&quot;jet_parallax_layout_image_mobile&quot;:{&quot;url&quot;:&quot;&quot;,&quot;id&quot;:&quot;&quot;,&quot;size&quot;:&quot;&quot;},&quot;jet_parallax_layout_speed&quot;:{&quot;unit&quot;:&quot;%&quot;,&quot;size&quot;:50,&quot;sizes&quot;:[]},&quot;jet_parallax_layout_type&quot;:&quot;scroll&quot;,&quot;jet_parallax_layout_direction&quot;:&quot;1&quot;,&quot;jet_parallax_layout_fx_direction&quot;:null,&quot;jet_parallax_layout_z_index&quot;:&quot;&quot;,&quot;jet_parallax_layout_bg_x&quot;:50,&quot;jet_parallax_layout_bg_x_tablet&quot;:&quot;&quot;,&quot;jet_parallax_layout_bg_x_mobile&quot;:&quot;&quot;,&quot;jet_parallax_layout_bg_y&quot;:50,&quot;jet_parallax_layout_bg_y_tablet&quot;:&quot;&quot;,&quot;jet_parallax_layout_bg_y_mobile&quot;:&quot;&quot;,&quot;jet_parallax_layout_bg_size&quot;:&quot;auto&quot;,&quot;jet_parallax_layout_bg_size_tablet&quot;:&quot;&quot;,&quot;jet_parallax_layout_bg_size_mobile&quot;:&quot;&quot;,&quot;jet_parallax_layout_animation_prop&quot;:&quot;transform&quot;,&quot;jet_parallax_layout_on&quot;:[&quot;desktop&quot;,&quot;tablet&quot;]}]}\">\n\t\t\t\t\t\t<div class=\"elementor-container elementor-column-gap-default\">\n\t\t\t\t\t<div class=\"elementor-column elementor-col-100 elementor-top-column elementor-element elementor-element-1e8b1cd\" data-id=\"1e8b1cd\" data-element_type=\"column\" data-e-type=\"column\">\n\t\t\t<div class=\"elementor-widget-wrap elementor-element-populated\">\n\t\t\t\t\t\t<section class=\"elementor-section elementor-inner-section elementor-element elementor-element-0c15a23 elementor-section-boxed elementor-section-height-default elementor-section-height-default\" data-id=\"0c15a23\" data-element_type=\"section\" data-e-type=\"section\" data-settings=\"{&quot;jet_parallax_layout_list&quot;:[{&quot;jet_parallax_layout_image&quot;:{&quot;url&quot;:&quot;&quot;,&quot;id&quot;:&quot;&quot;,&quot;size&quot;:&quot;&quot;},&quot;_id&quot;:&quot;07db783&quot;,&quot;jet_parallax_layout_image_tablet&quot;:{&quot;url&quot;:&quot;&quot;,&quot;id&quot;:&quot;&quot;,&quot;size&quot;:&quot;&quot;},&quot;jet_parallax_layout_image_mobile&quot;:{&quot;url&quot;:&quot;&quot;,&quot;id&quot;:&quot;&quot;,&quot;size&quot;:&quot;&quot;},&quot;jet_parallax_layout_speed&quot;:{&quot;unit&quot;:&quot;%&quot;,&quot;size&quot;:50,&quot;sizes&quot;:[]},&quot;jet_parallax_layout_type&quot;:&quot;scroll&quot;,&quot;jet_parallax_layout_direction&quot;:&quot;1&quot;,&quot;jet_parallax_layout_fx_direction&quot;:null,&quot;jet_parallax_layout_z_index&quot;:&quot;&quot;,&quot;jet_parallax_layout_bg_x&quot;:50,&quot;jet_parallax_layout_bg_x_tablet&quot;:&quot;&quot;,&quot;jet_parallax_layout_bg_x_mobile&quot;:&quot;&quot;,&quot;jet_parallax_layout_bg_y&quot;:50,&quot;jet_parallax_layout_bg_y_tablet&quot;:&quot;&quot;,&quot;jet_parallax_layout_bg_y_mobile&quot;:&quot;&quot;,&quot;jet_parallax_layout_bg_size&quot;:&quot;auto&quot;,&quot;jet_parallax_layout_bg_size_tablet&quot;:&quot;&quot;,&quot;jet_parallax_layout_bg_size_mobile&quot;:&quot;&quot;,&quot;jet_parallax_layout_animation_prop&quot;:&quot;transform&quot;,&quot;jet_parallax_layout_on&quot;:[&quot;desktop&quot;,&quot;tablet&quot;]}]}\">\n\t\t\t\t\t\t<div class=\"elementor-container elementor-column-gap-default\">\n\t\t\t\t\t<div class=\"elementor-column elementor-col-100 elementor-inner-column elementor-element elementor-element-a9f5ef7\" data-id=\"a9f5ef7\" data-element_type=\"column\" data-e-type=\"column\">\n\t\t\t<div class=\"elementor-widget-wrap elementor-element-populated\">\n\t\t\t\t\t\t<div class=\"elementor-element elementor-element-aa524c1 elementor-widget elementor-widget-heading\" data-id=\"aa524c1\" data-element_type=\"widget\" data-e-type=\"widget\" data-widget_type=\"heading.default\">\n\t\t\t\t<div class=\"elementor-widget-container\">\n\t\t\t\t\t<h2 class=\"elementor-heading-title elementor-size-default\">Richtlinien auf Hiller\u00f8d Camping<\/h2>\t\t\t\t<\/div>\n\t\t\t\t<\/div>\n\t\t\t\t<div class=\"elementor-element elementor-element-3b14447 elementor-widget elementor-widget-text-editor\" data-id=\"3b14447\" data-element_type=\"widget\" data-e-type=\"widget\" data-widget_type=\"text-editor.default\">\n\t\t\t\t<div class=\"elementor-widget-container\">\n\t\t\t\t\t\t\t\t\t<h3>Wir bitten um Ihr Verst\u00e4ndnis und Ihre Mithilfe, damit diese Leitlinien zu unserem gemeinsamen Wohl eingehalten werden.<\/h3>\t\t\t\t\t\t\t\t<\/div>\n\t\t\t\t<\/div>\n\t\t\t\t\t<\/div>\n\t\t<\/div>\n\t\t\t\t\t<\/div>\n\t\t<\/section>\n\t\t\t\t<section class=\"elementor-section elementor-inner-section elementor-element elementor-element-7ffe0dd elementor-section-boxed elementor-section-height-default elementor-section-height-default\" data-id=\"7ffe0dd\" data-element_type=\"section\" data-e-type=\"section\" data-settings=\"{&quot;jet_parallax_layout_list&quot;:[{&quot;jet_parallax_layout_image&quot;:{&quot;url&quot;:&quot;&quot;,&quot;id&quot;:&quot;&quot;,&quot;size&quot;:&quot;&quot;},&quot;_id&quot;:&quot;6685f31&quot;,&quot;jet_parallax_layout_image_tablet&quot;:{&quot;url&quot;:&quot;&quot;,&quot;id&quot;:&quot;&quot;,&quot;size&quot;:&quot;&quot;},&quot;jet_parallax_layout_image_mobile&quot;:{&quot;url&quot;:&quot;&quot;,&quot;id&quot;:&quot;&quot;,&quot;size&quot;:&quot;&quot;},&quot;jet_parallax_layout_speed&quot;:{&quot;unit&quot;:&quot;%&quot;,&quot;size&quot;:50,&quot;sizes&quot;:[]},&quot;jet_parallax_layout_type&quot;:&quot;scroll&quot;,&quot;jet_parallax_layout_direction&quot;:&quot;1&quot;,&quot;jet_parallax_layout_fx_direction&quot;:null,&quot;jet_parallax_layout_z_index&quot;:&quot;&quot;,&quot;jet_parallax_layout_bg_x&quot;:50,&quot;jet_parallax_layout_bg_x_tablet&quot;:&quot;&quot;,&quot;jet_parallax_layout_bg_x_mobile&quot;:&quot;&quot;,&quot;jet_parallax_layout_bg_y&quot;:50,&quot;jet_parallax_layout_bg_y_tablet&quot;:&quot;&quot;,&quot;jet_parallax_layout_bg_y_mobile&quot;:&quot;&quot;,&quot;jet_parallax_layout_bg_size&quot;:&quot;auto&quot;,&quot;jet_parallax_layout_bg_size_tablet&quot;:&quot;&quot;,&quot;jet_parallax_layout_bg_size_mobile&quot;:&quot;&quot;,&quot;jet_parallax_layout_animation_prop&quot;:&quot;transform&quot;,&quot;jet_parallax_layout_on&quot;:[&quot;desktop&quot;,&quot;tablet&quot;]}]}\">\n\t\t\t\t\t\t<div class=\"elementor-container elementor-column-gap-default\">\n\t\t\t\t\t<div class=\"elementor-column elementor-col-50 elementor-inner-column elementor-element elementor-element-5e76703\" data-id=\"5e76703\" data-element_type=\"column\" data-e-type=\"column\">\n\t\t\t<div class=\"elementor-widget-wrap elementor-element-populated\">\n\t\t\t\t\t\t<div class=\"elementor-element elementor-element-2dba693 elementor-widget elementor-widget-text-editor\" data-id=\"2dba693\" data-element_type=\"widget\" data-e-type=\"widget\" data-widget_type=\"text-editor.default\">\n\t\t\t\t<div class=\"elementor-widget-container\">\n\t\t\t\t\t\t\t\t\t<h4>Pflege von Rasenfl\u00e4chen<\/h4><ul><li>Bitte sch\u00fctzen Sie den gr\u00fcnen Rasen, d.h. <em>keine<\/em> Plastikmatten und Matten. Wir haben ein paar &#8222;Erd-\/Kiespl\u00e4tze&#8220;, auf denen Plastikmatten und -unterlagen verwendet werden k\u00f6nnen, da wir nur wenige Pl\u00e4tze f\u00fcr die Fr\u00fchjahrssaison haben.<\/li><li>Bitte fahren Sie <em>nicht<\/em> unn\u00f6tig in das Gel\u00e4nde hinein. Benutzen Sie die Parkpl\u00e4tze, besonders bei Regenwetter. Bitte respektieren Sie unsere Hinweisschilder, wenn sie ausgestellt sind.<\/li><li>Das M\u00e4hen des Rasens auf dem Gel\u00e4nde findet oft zwischen 10:00-14:00 Uhr statt. Wir bitten um Ihr Verst\u00e4ndnis.<\/li><\/ul><h4>Spiel und Spiele<\/h4><ul><li>Der Spielplatz \u00f6ffnet um 08:30 Uhr und schlie\u00dft bei Einbruch der Dunkelheit &#8211; an einem Sommertag gegen 22:00 Uhr.<\/li><li><p class=\"p1\"><em>Wir haben einen kleinen, aber gem\u00fctlichen Spielplatz, den wir sehr sch\u00e4tzen. Um die ruhige Atmosph\u00e4re zu bewahren, f\u00fcr die unser Campingplatz und die Nachbarschaft bekannt sind, bitten wir euch, ruhig zu spielen und wilde Spiele oder lautes Rufen zu vermeiden. Es ist uns wichtig, dass alle die Umgebung in Frieden und Ruhe genie\u00dfen k\u00f6nnen. Vielen Dank f\u00fcr euer Verst\u00e4ndnis!   <\/em><\/p><\/li><li>Sie k\u00f6nnen die Lounge ab 08:00 Uhr nutzen. Wir sch\u00e4tzen Ihre Hilfe bei der <em>Reinigung<\/em> nach der Benutzung sehr.<\/li><li>Tischtennisschl\u00e4ger k\u00f6nnen an der Rezeption ausgeliehen werden und m\u00fcssen nach Gebrauch wieder zur\u00fcckgegeben werden.<\/li><li>Fu\u00dfball und andere Ballspiele d\u00fcrfen nur au\u00dferhalb der Tore gespielt werden.<\/li><li>Bitte <em>keine<\/em> Fahrr\u00e4der, Roller, Bretter usw. auf den Terrassen. Die Fahrr\u00e4der werden an der Rezeption abgestellt.<\/li><li>An der Rezeption k\u00f6nnen Sie Eintrittskarten f\u00fcr den kostenlosen Besuch des Schwimmzentrums Hiller\u00f8d abholen.<\/li><li>Zeitschriften und B\u00fccher k\u00f6nnen in der Lounge ausgeliehen werden. Es besteht auch die M\u00f6glichkeit, zu tauschen.<\/li><li>Kostenloses WIFI.<\/li><\/ul><h4>Nattero<\/h4><ul><li>Die Baustelle muss zwischen 23:00-07:30 Uhr <em>ruhig<\/em> sein.<\/li><li>Von 22:00-08:00 Uhr gilt auf dem Gel\u00e4nde <em>ein Fahrverbot<\/em>. W\u00e4hrend der Schlie\u00dfzeit der Rezeption ist das Tor oft geschlossen. Das Tor ist nicht verschlossen, also \u00f6ffnen und schlie\u00dfen Sie es bitte selbst. Nach 22:00 Uhr wird sie gesperrt. Das Gleiche gilt f\u00fcr die Pr\u00e4rien.<\/li><\/ul><div> <\/div>\t\t\t\t\t\t\t\t<\/div>\n\t\t\t\t<\/div>\n\t\t\t\t\t<\/div>\n\t\t<\/div>\n\t\t\t\t<div class=\"elementor-column elementor-col-50 elementor-inner-column elementor-element elementor-element-c17e825\" data-id=\"c17e825\" data-element_type=\"column\" data-e-type=\"column\">\n\t\t\t<div class=\"elementor-widget-wrap elementor-element-populated\">\n\t\t\t\t\t\t<div class=\"elementor-element elementor-element-a98439b elementor-widget elementor-widget-text-editor\" data-id=\"a98439b\" data-element_type=\"widget\" data-e-type=\"widget\" data-widget_type=\"text-editor.default\">\n\t\t\t\t<div class=\"elementor-widget-container\">\n\t\t\t\t\t\t\t\t\t<h4>Toilettenanlagen<\/h4>\n<ul>\n<li>Bitte beachten Sie, dass in den Toilettengeb\u00e4uden <em>keine<\/em> Schuhe erlaubt sind. Ansonsten k\u00f6nnen Sie gerne Ihre eigenen Hallenschuhe oder die blauen Turnschuhe in den K\u00f6rben benutzen. Herzlichen Dank!<\/li>\n<li>F\u00fcr die Duschen und die Duschen im Freien sind <em>keine<\/em> Wertmarken erforderlich. F\u00fcr die 3 Familienb\u00e4der sind jedoch Wertmarken erforderlich, die kostenlos an der Rezeption erh\u00e4ltlich sind.<\/li>\n<li>Die Reinigung des Toilettenblocks\/der K\u00fcche findet oft zwischen 11:00-14:00 Uhr statt.<\/li>\n<li>Denken Sie beim Baden an die Umwelt. Verbringen Sie maximal 5 min.<\/li>\n<\/ul>\n<h4>Hunde auf dem Gel\u00e4nde<\/h4>\n<ul>\n<li>Hunde sind willkommen, m\u00fcssen aber innerhalb des Gel\u00e4ndes <em>immer<\/em> an der kurzen Leine gef\u00fchrt werden. Auch an der kurzen Leine in Ihrer Einheit\/Kabine.<\/li>\n<li>Hunde sind auf dem Gel\u00e4nde nicht erlaubt, auch nicht bei unseren Nachbarn oder Pharmakon.<\/li>\n<li>Leider ist es nicht erlaubt, ohne vorherige Genehmigung der Rezeption einen Hundezaun um Ihre Wohnung zu errichten.<\/li>\n<li>Bei Ihrer Ankunft auf dem Gel\u00e4nde erhalten Sie au\u00dferdem ein kleines Hundefaltblatt mit Informationen und einer Karte der Wanderwege.<\/li>\n<\/ul>\n<h4>G\u00e4ste auf der Baustelle<\/h4>\n<ul>\n<li>G\u00e4ste der Camper auf dem Platz sind ab 8:00 Uhr morgens willkommen. Sie m\u00fcssen das Gel\u00e4nde jedoch bis sp\u00e4testens 22:30 Uhr verlassen. Preis 30,- \/ Kinder 20,-.<\/li>\n<li>Wenn Sie zus\u00e4tzliche St\u00fchle\/Kinderst\u00fchle f\u00fcr Ihre G\u00e4ste ben\u00f6tigen, k\u00f6nnen Sie diese an der Rezeption ausleihen.<\/li>\n<\/ul>\n<h4>Ankunft<\/h4>\n<ul>\n<li>Die Anreise mit Autocamper, Zelt oder Wohnwagen ist von 14:00 bis 18:00 Uhr m\u00f6glich. Wir bitten Sie dringend, diese Zeiten einzuhalten, damit wir unsere Siesta\/Reinigungszeit gew\u00e4hrleisten k\u00f6nnen und weil auf dem Parkplatz nicht genug Platz f\u00fcr alle ist.<\/li>\n<li>Ankomst for overnatning i hytter foreg\u00e5r fra<br>kl. 15:00-18:00.<\/li>\n<li>Wenn Sie sp\u00e4ter anreisen, m\u00fcssen Sie dies mit uns absprechen &#8211; jedoch nicht sp\u00e4ter als 21:00 Uhr.<\/li>\n<\/ul>\n<h4>Abrechnung und Abreise<\/h4>\n<ul>\n<li>Bitte melden Sie sich bis sp\u00e4testens 11.00 Uhr an, dann haben Sie Ihren Platz bis 12.00 Uhr, sofern nicht anders vereinbart.<\/li>\n<li>Die Abreise aus den H\u00fctten muss sp\u00e4testens bis 11:00 Uhr erfolgen.<\/li>\n<li>\n<p>Wir akzeptieren alle g\u00e4ngigen Zahlungskarten.<\/p>\n<\/li>\n<\/ul>\t\t\t\t\t\t\t\t<\/div>\n\t\t\t\t<\/div>\n\t\t\t\t<div class=\"elementor-element elementor-element-15e152c elementor-widget elementor-widget-image\" data-id=\"15e152c\" data-element_type=\"widget\" data-e-type=\"widget\" data-widget_type=\"image.default\">\n\t\t\t\t<div class=\"elementor-widget-container\">\n\t\t\t\t\t\t\t\t\t\t\t\t\t\t\t<img decoding=\"async\" width=\"548\" height=\"51\" src=\"https:\/\/hillerodcamping.dk\/wp-content\/uploads\/2022\/05\/bd_kortlogodk_64px_627829f9de624.png\" class=\"attachment-large size-large wp-image-1143\" alt=\"\" srcset=\"https:\/\/hillerodcamping.dk\/wp-content\/uploads\/2022\/05\/bd_kortlogodk_64px_627829f9de624.png 548w, https:\/\/hillerodcamping.dk\/wp-content\/uploads\/2022\/05\/bd_kortlogodk_64px_627829f9de624-300x28.png 300w\" sizes=\"(max-width: 548px) 100vw, 548px\" \/>\t\t\t\t\t\t\t\t\t\t\t\t\t\t\t<\/div>\n\t\t\t\t<\/div>\n\t\t\t\t\t<\/div>\n\t\t<\/div>\n\t\t\t\t\t<\/div>\n\t\t<\/section>\n\t\t\t\t\t<\/div>\n\t\t<\/div>\n\t\t\t\t\t<\/div>\n\t\t<\/section>\n\t\t\t\t<\/div>\n\t\t","protected":false},"excerpt":{"rendered":"<p>Home Praktische Informationen Richtlinien f\u00fcr unser Gemeinwohl Richtlinien auf Hiller\u00f8d Camping Wir bitten um Ihr Verst\u00e4ndnis und Ihre Mithilfe, damit diese Leitlinien zu unserem gemeinsamen Wohl eingehalten werden. Pflege von [&hellip;]<\/p>\n","protected":false},"author":1,"featured_media":0,"parent":0,"menu_order":4,"comment_status":"closed","ping_status":"closed","template":"elementor_header_footer","meta":{"_seopress_robots_primary_cat":"","_seopress_titles_title":"","_seopress_titles_desc":"","_seopress_robots_index":"","iawp_total_views":105,"footnotes":""},"sidekategori":[],"class_list":["post-4688","page","type-page","status-publish","hentry"],"_links":{"self":[{"href":"https:\/\/hillerodcamping.dk\/de\/wp-json\/wp\/v2\/pages\/4688","targetHints":{"allow":["GET"]}}],"collection":[{"href":"https:\/\/hillerodcamping.dk\/de\/wp-json\/wp\/v2\/pages"}],"about":[{"href":"https:\/\/hillerodcamping.dk\/de\/wp-json\/wp\/v2\/types\/page"}],"author":[{"embeddable":true,"href":"https:\/\/hillerodcamping.dk\/de\/wp-json\/wp\/v2\/users\/1"}],"replies":[{"embeddable":true,"href":"https:\/\/hillerodcamping.dk\/de\/wp-json\/wp\/v2\/comments?post=4688"}],"version-history":[{"count":22,"href":"https:\/\/hillerodcamping.dk\/de\/wp-json\/wp\/v2\/pages\/4688\/revisions"}],"predecessor-version":[{"id":19187,"href":"https:\/\/hillerodcamping.dk\/de\/wp-json\/wp\/v2\/pages\/4688\/revisions\/19187"}],"wp:attachment":[{"href":"https:\/\/hillerodcamping.dk\/de\/wp-json\/wp\/v2\/media?parent=4688"}],"wp:term":[{"taxonomy":"sidekategori","embeddable":true,"href":"https:\/\/hillerodcamping.dk\/de\/wp-json\/wp\/v2\/sidekategori?post=4688"}],"curies":[{"name":"wp","href":"https:\/\/api.w.org\/{rel}","templated":true}]}}