{"id":8132,"date":"2023-08-30T14:44:48","date_gmt":"2023-08-30T13:44:48","guid":{"rendered":"https:\/\/hillerodcamping.dk\/kabinen-komfortkabinen\/"},"modified":"2024-02-13T20:12:41","modified_gmt":"2024-02-13T19:12:41","slug":"kabinen-komfortkabinen","status":"publish","type":"page","link":"https:\/\/hillerodcamping.dk\/de\/kabinen-komfortkabinen\/","title":{"rendered":"Kabinen &amp; Komfortkabinen"},"content":{"rendered":"\t\t<div data-elementor-type=\"wp-page\" data-elementor-id=\"8132\" class=\"elementor elementor-8132 elementor-7994\" data-elementor-post-type=\"page\">\n\t\t\t\t<div class=\"elementor-element elementor-element-3cd1a61d e-flex e-con-boxed e-con e-parent\" data-id=\"3cd1a61d\" data-element_type=\"container\" data-e-type=\"container\" data-settings=\"{&quot;jet_parallax_layout_list&quot;:[],&quot;background_background&quot;:&quot;classic&quot;}\">\n\t\t\t\t\t<div class=\"e-con-inner\">\n\t\t\t\t\t<\/div>\n\t\t\t\t<\/div>\n\t\t<div class=\"elementor-element elementor-element-6d8b36e e-flex e-con-boxed e-con e-parent\" data-id=\"6d8b36e\" data-element_type=\"container\" data-e-type=\"container\" data-settings=\"{&quot;jet_parallax_layout_list&quot;:[{&quot;_id&quot;:&quot;e250dad&quot;,&quot;jet_parallax_layout_image&quot;:{&quot;url&quot;:&quot;&quot;,&quot;id&quot;:&quot;&quot;,&quot;size&quot;:&quot;&quot;},&quot;jet_parallax_layout_image_tablet&quot;:{&quot;url&quot;:&quot;&quot;,&quot;id&quot;:&quot;&quot;,&quot;size&quot;:&quot;&quot;},&quot;jet_parallax_layout_image_mobile&quot;:{&quot;url&quot;:&quot;&quot;,&quot;id&quot;:&quot;&quot;,&quot;size&quot;:&quot;&quot;},&quot;jet_parallax_layout_speed&quot;:{&quot;unit&quot;:&quot;%&quot;,&quot;size&quot;:50,&quot;sizes&quot;:[]},&quot;jet_parallax_layout_type&quot;:&quot;scroll&quot;,&quot;jet_parallax_layout_direction&quot;:&quot;1&quot;,&quot;jet_parallax_layout_fx_direction&quot;:null,&quot;jet_parallax_layout_z_index&quot;:&quot;&quot;,&quot;jet_parallax_layout_bg_x&quot;:50,&quot;jet_parallax_layout_bg_x_tablet&quot;:&quot;&quot;,&quot;jet_parallax_layout_bg_x_mobile&quot;:&quot;&quot;,&quot;jet_parallax_layout_bg_y&quot;:50,&quot;jet_parallax_layout_bg_y_tablet&quot;:&quot;&quot;,&quot;jet_parallax_layout_bg_y_mobile&quot;:&quot;&quot;,&quot;jet_parallax_layout_bg_size&quot;:&quot;auto&quot;,&quot;jet_parallax_layout_bg_size_tablet&quot;:&quot;&quot;,&quot;jet_parallax_layout_bg_size_mobile&quot;:&quot;&quot;,&quot;jet_parallax_layout_animation_prop&quot;:&quot;transform&quot;,&quot;jet_parallax_layout_on&quot;:[&quot;desktop&quot;,&quot;tablet&quot;]}]}\">\n\t\t\t\t\t<div class=\"e-con-inner\">\n\t\t<div class=\"elementor-element elementor-element-9f54823 e-con-full e-flex e-con e-child\" data-id=\"9f54823\" data-element_type=\"container\" data-e-type=\"container\" data-settings=\"{&quot;jet_parallax_layout_list&quot;:[]}\">\n\t\t\t\t<div class=\"elementor-element elementor-element-70828d0 elementor-widget elementor-widget-sp-breadcrumbs\" data-id=\"70828d0\" data-element_type=\"widget\" data-e-type=\"widget\" data-widget_type=\"sp-breadcrumbs.default\">\n\t\t\t\t<div class=\"elementor-widget-container\">\n\t\t\t\t\t<nav  aria-label=\"Brotkrumen\"><ol class=\"breadcrumb\" itemscope itemtype=\"https:\/\/schema.org\/BreadcrumbList\"><li class=\"breadcrumb-item active\" aria-current=\"page\" itemprop=\"itemListElement\" itemscope itemtype=\"https:\/\/schema.org\/ListItem\"><span itemprop=\"name\">Home<\/span><meta itemprop=\"position\" content=\"1\"><\/li><\/ol><\/nav>\t\t\t\t<\/div>\n\t\t\t\t<\/div>\n\t\t<div class=\"elementor-element elementor-element-704e9b3 e-con-full e-flex e-con e-child\" data-id=\"704e9b3\" data-element_type=\"container\" data-e-type=\"container\" data-settings=\"{&quot;jet_parallax_layout_list&quot;:[{&quot;_id&quot;:&quot;ac2d97e&quot;,&quot;jet_parallax_layout_image&quot;:{&quot;url&quot;:&quot;&quot;,&quot;id&quot;:&quot;&quot;,&quot;size&quot;:&quot;&quot;},&quot;jet_parallax_layout_image_tablet&quot;:{&quot;url&quot;:&quot;&quot;,&quot;id&quot;:&quot;&quot;,&quot;size&quot;:&quot;&quot;},&quot;jet_parallax_layout_image_mobile&quot;:{&quot;url&quot;:&quot;&quot;,&quot;id&quot;:&quot;&quot;,&quot;size&quot;:&quot;&quot;},&quot;jet_parallax_layout_speed&quot;:{&quot;unit&quot;:&quot;%&quot;,&quot;size&quot;:50,&quot;sizes&quot;:[]},&quot;jet_parallax_layout_type&quot;:&quot;scroll&quot;,&quot;jet_parallax_layout_direction&quot;:&quot;1&quot;,&quot;jet_parallax_layout_fx_direction&quot;:null,&quot;jet_parallax_layout_z_index&quot;:&quot;&quot;,&quot;jet_parallax_layout_bg_x&quot;:50,&quot;jet_parallax_layout_bg_x_tablet&quot;:&quot;&quot;,&quot;jet_parallax_layout_bg_x_mobile&quot;:&quot;&quot;,&quot;jet_parallax_layout_bg_y&quot;:50,&quot;jet_parallax_layout_bg_y_tablet&quot;:&quot;&quot;,&quot;jet_parallax_layout_bg_y_mobile&quot;:&quot;&quot;,&quot;jet_parallax_layout_bg_size&quot;:&quot;auto&quot;,&quot;jet_parallax_layout_bg_size_tablet&quot;:&quot;&quot;,&quot;jet_parallax_layout_bg_size_mobile&quot;:&quot;&quot;,&quot;jet_parallax_layout_animation_prop&quot;:&quot;transform&quot;,&quot;jet_parallax_layout_on&quot;:[&quot;desktop&quot;,&quot;tablet&quot;]}]}\">\n\t\t<div class=\"elementor-element elementor-element-1226f62 e-con-full e-flex e-con e-child\" data-id=\"1226f62\" data-element_type=\"container\" data-e-type=\"container\" data-settings=\"{&quot;jet_parallax_layout_list&quot;:[]}\">\n\t\t\t\t<div class=\"elementor-element elementor-element-90704be elementor-widget elementor-widget-heading\" data-id=\"90704be\" data-element_type=\"widget\" data-e-type=\"widget\" data-widget_type=\"heading.default\">\n\t\t\t\t<div class=\"elementor-widget-container\">\n\t\t\t\t\t<h1 class=\"elementor-heading-title elementor-size-default\">Sehen Sie hier unsere gem\u00fctlichen H\u00fctten<\/h1>\t\t\t\t<\/div>\n\t\t\t\t<\/div>\n\t\t\t\t<div class=\"elementor-element elementor-element-5ebfb1b elementor-widget elementor-widget-heading\" data-id=\"5ebfb1b\" data-element_type=\"widget\" data-e-type=\"widget\" data-widget_type=\"heading.default\">\n\t\t\t\t<div class=\"elementor-widget-container\">\n\t\t\t\t\t<h2 class=\"elementor-heading-title elementor-size-default\">Und finden Sie das, was zu Ihnen passt!<\/h2>\t\t\t\t<\/div>\n\t\t\t\t<\/div>\n\t\t\t\t<div class=\"elementor-element elementor-element-af79fac elementor-widget-divider--view-line elementor-widget elementor-widget-divider\" data-id=\"af79fac\" data-element_type=\"widget\" data-e-type=\"widget\" data-widget_type=\"divider.default\">\n\t\t\t\t<div class=\"elementor-widget-container\">\n\t\t\t\t\t\t\t<div class=\"elementor-divider\">\n\t\t\t<span class=\"elementor-divider-separator\">\n\t\t\t\t\t\t<\/span>\n\t\t<\/div>\n\t\t\t\t\t\t<\/div>\n\t\t\t\t<\/div>\n\t\t\t\t<\/div>\n\t\t<div class=\"elementor-element elementor-element-872f4ae e-con-full e-flex e-con e-child\" data-id=\"872f4ae\" data-element_type=\"container\" data-e-type=\"container\" data-settings=\"{&quot;jet_parallax_layout_list&quot;:[]}\">\n\t\t\t\t<\/div>\n\t\t\t\t<\/div>\n\t\t\t\t<\/div>\n\t\t\t\t\t<\/div>\n\t\t\t\t<\/div>\n\t\t<div class=\"elementor-element elementor-element-7a47213 e-flex e-con-boxed e-con e-parent\" data-id=\"7a47213\" data-element_type=\"container\" data-e-type=\"container\" data-settings=\"{&quot;background_background&quot;:&quot;classic&quot;,&quot;jet_parallax_layout_list&quot;:[{&quot;_id&quot;:&quot;34fe6f4&quot;,&quot;jet_parallax_layout_image&quot;:{&quot;url&quot;:&quot;&quot;,&quot;id&quot;:&quot;&quot;,&quot;size&quot;:&quot;&quot;},&quot;jet_parallax_layout_image_tablet&quot;:{&quot;url&quot;:&quot;&quot;,&quot;id&quot;:&quot;&quot;,&quot;size&quot;:&quot;&quot;},&quot;jet_parallax_layout_image_mobile&quot;:{&quot;url&quot;:&quot;&quot;,&quot;id&quot;:&quot;&quot;,&quot;size&quot;:&quot;&quot;},&quot;jet_parallax_layout_speed&quot;:{&quot;unit&quot;:&quot;%&quot;,&quot;size&quot;:50,&quot;sizes&quot;:[]},&quot;jet_parallax_layout_type&quot;:&quot;scroll&quot;,&quot;jet_parallax_layout_direction&quot;:&quot;1&quot;,&quot;jet_parallax_layout_fx_direction&quot;:null,&quot;jet_parallax_layout_z_index&quot;:&quot;&quot;,&quot;jet_parallax_layout_bg_x&quot;:50,&quot;jet_parallax_layout_bg_x_tablet&quot;:&quot;&quot;,&quot;jet_parallax_layout_bg_x_mobile&quot;:&quot;&quot;,&quot;jet_parallax_layout_bg_y&quot;:50,&quot;jet_parallax_layout_bg_y_tablet&quot;:&quot;&quot;,&quot;jet_parallax_layout_bg_y_mobile&quot;:&quot;&quot;,&quot;jet_parallax_layout_bg_size&quot;:&quot;auto&quot;,&quot;jet_parallax_layout_bg_size_tablet&quot;:&quot;&quot;,&quot;jet_parallax_layout_bg_size_mobile&quot;:&quot;&quot;,&quot;jet_parallax_layout_animation_prop&quot;:&quot;transform&quot;,&quot;jet_parallax_layout_on&quot;:[&quot;desktop&quot;,&quot;tablet&quot;]}]}\">\n\t\t\t\t\t<div class=\"e-con-inner\">\n\t\t<div class=\"elementor-element elementor-element-8b00da7 e-con-full e-flex e-con e-child\" data-id=\"8b00da7\" data-element_type=\"container\" data-e-type=\"container\" data-settings=\"{&quot;jet_parallax_layout_list&quot;:[]}\">\n\t\t\t\t<div class=\"elementor-element elementor-element-0d9b23f elementor-grid-2 elementor-grid-tablet-2 elementor-grid-mobile-1 elementor-posts--thumbnail-top elementor-widget elementor-widget-posts\" data-id=\"0d9b23f\" data-element_type=\"widget\" data-e-type=\"widget\" data-settings=\"{&quot;classic_columns&quot;:&quot;2&quot;,&quot;classic_columns_tablet&quot;:&quot;2&quot;,&quot;classic_columns_mobile&quot;:&quot;1&quot;,&quot;classic_row_gap&quot;:{&quot;unit&quot;:&quot;px&quot;,&quot;size&quot;:35,&quot;sizes&quot;:[]},&quot;classic_row_gap_tablet&quot;:{&quot;unit&quot;:&quot;px&quot;,&quot;size&quot;:&quot;&quot;,&quot;sizes&quot;:[]},&quot;classic_row_gap_mobile&quot;:{&quot;unit&quot;:&quot;px&quot;,&quot;size&quot;:&quot;&quot;,&quot;sizes&quot;:[]}}\" data-widget_type=\"posts.classic\">\n\t\t\t\t<div class=\"elementor-widget-container\">\n\t\t\t\t\t\t\t<div class=\"elementor-posts-container elementor-posts elementor-posts--skin-classic elementor-grid\" role=\"list\">\n\t\t\t\t<article class=\"elementor-post elementor-grid-item post-8166 page type-page status-publish has-post-thumbnail hentry sidekategori-hytte\" role=\"listitem\">\n\t\t\t\t<a class=\"elementor-post__thumbnail__link\" href=\"https:\/\/hillerodcamping.dk\/de\/kabinen-komfortkabinen\/huette-typ-a-7m%c2%b2-2-personen\/\" tabindex=\"-1\" >\n\t\t\t<div class=\"elementor-post__thumbnail\"><img fetchpriority=\"high\" decoding=\"async\" width=\"768\" height=\"1025\" src=\"https:\/\/hillerodcamping.dk\/wp-content\/uploads\/2023\/04\/IMG_6873-768x1025.jpg\" class=\"attachment-medium_large size-medium_large wp-image-4741\" alt=\"\" srcset=\"https:\/\/hillerodcamping.dk\/wp-content\/uploads\/2023\/04\/IMG_6873-768x1025.jpg 768w, https:\/\/hillerodcamping.dk\/wp-content\/uploads\/2023\/04\/IMG_6873-225x300.jpg 225w, https:\/\/hillerodcamping.dk\/wp-content\/uploads\/2023\/04\/IMG_6873-1151x1536.jpg 1151w, https:\/\/hillerodcamping.dk\/wp-content\/uploads\/2023\/04\/IMG_6873.jpg 1536w\" sizes=\"(max-width: 768px) 100vw, 768px\" \/><\/div>\n\t\t<\/a>\n\t\t\t\t<div class=\"elementor-post__text\">\n\t\t\t\t<h3 class=\"elementor-post__title\">\n\t\t\t<a href=\"https:\/\/hillerodcamping.dk\/de\/kabinen-komfortkabinen\/huette-typ-a-7m%c2%b2-2-personen\/\" >\n\t\t\t\tH\u00fctte Typ A (7m\u00b2) &#8211; 2 Personen\t\t\t<\/a>\n\t\t<\/h3>\n\t\t\t\t<div class=\"elementor-post__excerpt\">\n\t\t\t<p>Kleine und gem\u00fctliche H\u00fctte f\u00fcr 2 Personen (7 m\u00b2). Unsere kleinen, gem\u00fctlichen H\u00fctten wurden laufend renoviert &#8211; zuletzt im Jahr 2018. Sie befinden sich in der N\u00e4he der Duschen und Toiletten sowie der Gemeinschaftsk\u00fcche und des Aufenthaltsraums.<\/p>\t\t<\/div>\n\t\t\n\t\t<a class=\"elementor-post__read-more\" href=\"https:\/\/hillerodcamping.dk\/de\/kabinen-komfortkabinen\/huette-typ-a-7m%c2%b2-2-personen\/\" aria-label=\"Mehr \u00fcber H\u00fctte Typ A (7m\u00b2) &#8211; 2 Personen\" tabindex=\"-1\" >\n\t\t\tMehr lesen \u00bb\t\t<\/a>\n\n\t\t\t\t<\/div>\n\t\t\t\t<\/article>\n\t\t\t\t<article class=\"elementor-post elementor-grid-item post-8154 page type-page status-publish has-post-thumbnail hentry sidekategori-hytte\" role=\"listitem\">\n\t\t\t\t<a class=\"elementor-post__thumbnail__link\" href=\"https:\/\/hillerodcamping.dk\/de\/kabinen-komfortkabinen\/huette-typ-b-9m%c2%b2-2-personen\/\" tabindex=\"-1\" >\n\t\t\t<div class=\"elementor-post__thumbnail\"><img decoding=\"async\" width=\"768\" height=\"1024\" src=\"https:\/\/hillerodcamping.dk\/wp-content\/uploads\/2022\/11\/Type-B-hytte-768x1024.jpg\" class=\"attachment-medium_large size-medium_large wp-image-2463\" alt=\"\" srcset=\"https:\/\/hillerodcamping.dk\/wp-content\/uploads\/2022\/11\/Type-B-hytte-768x1024.jpg 768w, https:\/\/hillerodcamping.dk\/wp-content\/uploads\/2022\/11\/Type-B-hytte-225x300.jpg 225w, https:\/\/hillerodcamping.dk\/wp-content\/uploads\/2022\/11\/Type-B-hytte-1152x1536.jpg 1152w, https:\/\/hillerodcamping.dk\/wp-content\/uploads\/2022\/11\/Type-B-hytte-1536x2048.jpg 1536w, https:\/\/hillerodcamping.dk\/wp-content\/uploads\/2022\/11\/Type-B-hytte-scaled.jpg 1920w\" sizes=\"(max-width: 768px) 100vw, 768px\" \/><\/div>\n\t\t<\/a>\n\t\t\t\t<div class=\"elementor-post__text\">\n\t\t\t\t<h3 class=\"elementor-post__title\">\n\t\t\t<a href=\"https:\/\/hillerodcamping.dk\/de\/kabinen-komfortkabinen\/huette-typ-b-9m%c2%b2-2-personen\/\" >\n\t\t\t\tH\u00fctte Typ B (9m\u00b2) &#8211; 2 Personen\t\t\t<\/a>\n\t\t<\/h3>\n\t\t\t\t<div class=\"elementor-post__excerpt\">\n\t\t\t<p>Unsere neuen 9 m\u00b2 gro\u00dfen H\u00fctten mit \u00fcberdachter Terrasse wurden 2018 in Betrieb genommen. Sie haben 2 gute Boxspringbetten, einen kleinen K\u00fchlschrank und eine \u00fcberdachte Terrasse. Sie befinden sich in der N\u00e4he der Duschen und Toiletten sowie des Aufenthaltsraums und der Gemeinschaftsk\u00fcche.<\/p>\t\t<\/div>\n\t\t\n\t\t<a class=\"elementor-post__read-more\" href=\"https:\/\/hillerodcamping.dk\/de\/kabinen-komfortkabinen\/huette-typ-b-9m%c2%b2-2-personen\/\" aria-label=\"Mehr \u00fcber H\u00fctte Typ B (9m\u00b2) &#8211; 2 Personen\" tabindex=\"-1\" >\n\t\t\tMehr lesen \u00bb\t\t<\/a>\n\n\t\t\t\t<\/div>\n\t\t\t\t<\/article>\n\t\t\t\t<article class=\"elementor-post elementor-grid-item post-8142 page type-page status-publish has-post-thumbnail hentry sidekategori-hytte\" role=\"listitem\">\n\t\t\t\t<a class=\"elementor-post__thumbnail__link\" href=\"https:\/\/hillerodcamping.dk\/de\/kabinen-komfortkabinen\/huette-typ-c-14m%c2%b2-4-personen\/\" tabindex=\"-1\" >\n\t\t\t<div class=\"elementor-post__thumbnail\"><img decoding=\"async\" width=\"768\" height=\"1024\" src=\"https:\/\/hillerodcamping.dk\/wp-content\/uploads\/2021\/03\/IMG_5201-768x1024.jpeg\" class=\"attachment-medium_large size-medium_large wp-image-2971\" alt=\"\" srcset=\"https:\/\/hillerodcamping.dk\/wp-content\/uploads\/2021\/03\/IMG_5201-768x1024.jpeg 768w, https:\/\/hillerodcamping.dk\/wp-content\/uploads\/2021\/03\/IMG_5201-225x300.jpeg 225w, https:\/\/hillerodcamping.dk\/wp-content\/uploads\/2021\/03\/IMG_5201-1152x1536.jpeg 1152w, https:\/\/hillerodcamping.dk\/wp-content\/uploads\/2021\/03\/IMG_5201-1536x2048.jpeg 1536w, https:\/\/hillerodcamping.dk\/wp-content\/uploads\/2021\/03\/IMG_5201-scaled.jpeg 1920w\" sizes=\"(max-width: 768px) 100vw, 768px\" \/><\/div>\n\t\t<\/a>\n\t\t\t\t<div class=\"elementor-post__text\">\n\t\t\t\t<h3 class=\"elementor-post__title\">\n\t\t\t<a href=\"https:\/\/hillerodcamping.dk\/de\/kabinen-komfortkabinen\/huette-typ-c-14m%c2%b2-4-personen\/\" >\n\t\t\t\tH\u00fctte Typ C (14m\u00b2) &#8211; 4 Personen\t\t\t<\/a>\n\t\t<\/h3>\n\t\t\t\t<div class=\"elementor-post__excerpt\">\n\t\t\t<p>Die gem\u00fctlichen 14 m\u00b2 gro\u00dfen H\u00fctten wurden 2017 neu renoviert. Sie haben zwei gute Boxbetten im Erdgeschoss und einen Hemd mit Matratzen f\u00fcr 2 Personen. Dar\u00fcber hinaus gibt es in der H\u00fctte einen kleinen Essbereich. Sie befinden sich in der N\u00e4he der Duschen und Toiletten sowie der Gemeinschaftsk\u00fcche und des Aufenthaltsraums.<\/p>\t\t<\/div>\n\t\t\n\t\t<a class=\"elementor-post__read-more\" href=\"https:\/\/hillerodcamping.dk\/de\/kabinen-komfortkabinen\/huette-typ-c-14m%c2%b2-4-personen\/\" aria-label=\"Mehr \u00fcber H\u00fctte Typ C (14m\u00b2) &#8211; 4 Personen\" tabindex=\"-1\" >\n\t\t\tMehr lesen \u00bb\t\t<\/a>\n\n\t\t\t\t<\/div>\n\t\t\t\t<\/article>\n\t\t\t\t<article class=\"elementor-post elementor-grid-item post-6925 page type-page status-publish has-post-thumbnail hentry sidekategori-hytte\" role=\"listitem\">\n\t\t\t\t<a class=\"elementor-post__thumbnail__link\" href=\"https:\/\/hillerodcamping.dk\/de\/kabinen-komfortkabinen\/komfort-huette-typ-1-mini-ferienhaus-35m%c2%b2-6-personen\/\" tabindex=\"-1\" >\n\t\t\t<div class=\"elementor-post__thumbnail\"><img loading=\"lazy\" decoding=\"async\" width=\"465\" height=\"696\" src=\"https:\/\/hillerodcamping.dk\/wp-content\/uploads\/2022\/11\/Hilleroed-Camping-Credits-Nikolaj-Danielsen-VisitNordsjaelland-59.jpg.png\" class=\"attachment-medium_large size-medium_large wp-image-2388\" alt=\"\" srcset=\"https:\/\/hillerodcamping.dk\/wp-content\/uploads\/2022\/11\/Hilleroed-Camping-Credits-Nikolaj-Danielsen-VisitNordsjaelland-59.jpg.png 465w, https:\/\/hillerodcamping.dk\/wp-content\/uploads\/2022\/11\/Hilleroed-Camping-Credits-Nikolaj-Danielsen-VisitNordsjaelland-59.jpg-200x300.png 200w\" sizes=\"(max-width: 465px) 100vw, 465px\" \/><\/div>\n\t\t<\/a>\n\t\t\t\t<div class=\"elementor-post__text\">\n\t\t\t\t<h3 class=\"elementor-post__title\">\n\t\t\t<a href=\"https:\/\/hillerodcamping.dk\/de\/kabinen-komfortkabinen\/komfort-huette-typ-1-mini-ferienhaus-35m%c2%b2-6-personen\/\" >\n\t\t\t\tKomfort-H\u00fctte Typ 1 &#8211; Mini-Ferienhaus &#8211; (35m\u00b2) &#8211; 6 Personen\t\t\t<\/a>\n\t\t<\/h3>\n\t\t\t\t<div class=\"elementor-post__excerpt\">\n\t\t\t<p>Unsere neueren Komforth\u00fctten aus bzw. den Jahren 2013 und 2020 haben eigene Dusche, Toilette und K\u00fcche. Es gibt 2 Schlafzimmer, 1 Loft mit Platz f\u00fcr 2 Kinder, einen Wohn-\/K\u00fcchenbereich und ein eigenes Bad und WC. <\/p>\t\t<\/div>\n\t\t\n\t\t<a class=\"elementor-post__read-more\" href=\"https:\/\/hillerodcamping.dk\/de\/kabinen-komfortkabinen\/komfort-huette-typ-1-mini-ferienhaus-35m%c2%b2-6-personen\/\" aria-label=\"Mehr \u00fcber Komfort-H\u00fctte Typ 1 &#8211; Mini-Ferienhaus &#8211; (35m\u00b2) &#8211; 6 Personen\" tabindex=\"-1\" >\n\t\t\tMehr lesen \u00bb\t\t<\/a>\n\n\t\t\t\t<\/div>\n\t\t\t\t<\/article>\n\t\t\t\t<article class=\"elementor-post elementor-grid-item post-8172 page type-page status-publish has-post-thumbnail hentry sidekategori-hytte\" role=\"listitem\">\n\t\t\t\t<a class=\"elementor-post__thumbnail__link\" href=\"https:\/\/hillerodcamping.dk\/de\/kabinen-komfortkabinen\/komfort-huette-typ-2-mini-ferienhaus-35m%c2%b2-4-personen\/\" tabindex=\"-1\" >\n\t\t\t<div class=\"elementor-post__thumbnail\"><img loading=\"lazy\" decoding=\"async\" width=\"768\" height=\"506\" src=\"https:\/\/hillerodcamping.dk\/wp-content\/uploads\/2022\/11\/Hilleroed-Camping-Credits-Nikolaj-Danielsen-VisitNordsjaelland-39.jpg-768x506.png\" class=\"attachment-medium_large size-medium_large wp-image-2316\" alt=\"\" srcset=\"https:\/\/hillerodcamping.dk\/wp-content\/uploads\/2022\/11\/Hilleroed-Camping-Credits-Nikolaj-Danielsen-VisitNordsjaelland-39.jpg-768x506.png 768w, https:\/\/hillerodcamping.dk\/wp-content\/uploads\/2022\/11\/Hilleroed-Camping-Credits-Nikolaj-Danielsen-VisitNordsjaelland-39.jpg-300x198.png 300w, https:\/\/hillerodcamping.dk\/wp-content\/uploads\/2022\/11\/Hilleroed-Camping-Credits-Nikolaj-Danielsen-VisitNordsjaelland-39.jpg-1024x674.png 1024w, https:\/\/hillerodcamping.dk\/wp-content\/uploads\/2022\/11\/Hilleroed-Camping-Credits-Nikolaj-Danielsen-VisitNordsjaelland-39.jpg.png 1040w\" sizes=\"(max-width: 768px) 100vw, 768px\" \/><\/div>\n\t\t<\/a>\n\t\t\t\t<div class=\"elementor-post__text\">\n\t\t\t\t<h3 class=\"elementor-post__title\">\n\t\t\t<a href=\"https:\/\/hillerodcamping.dk\/de\/kabinen-komfortkabinen\/komfort-huette-typ-2-mini-ferienhaus-35m%c2%b2-4-personen\/\" >\n\t\t\t\tKomfort-H\u00fctte Typ 2 &#8211; Mini-Ferienhaus &#8211; (35m\u00b2) &#8211; 4 Personen\t\t\t<\/a>\n\t\t<\/h3>\n\t\t\t\t<div class=\"elementor-post__excerpt\">\n\t\t\t<p>Unsere neue Komfortkabine Typ 2 aus dem Jahr 2022 hat eigene Dusche, Toilette und K\u00fcche. Es gibt 1 gro\u00dfes Schlafzimmer, 1 Zimmer mit einem Etagenbett und einen Wohn-\/K\u00fcchenbereich &#8211; perfekt f\u00fcr 2 Personen und 2 kleine Kinder.<\/p>\t\t<\/div>\n\t\t\n\t\t<a class=\"elementor-post__read-more\" href=\"https:\/\/hillerodcamping.dk\/de\/kabinen-komfortkabinen\/komfort-huette-typ-2-mini-ferienhaus-35m%c2%b2-4-personen\/\" aria-label=\"Mehr \u00fcber Komfort-H\u00fctte Typ 2 &#8211; Mini-Ferienhaus &#8211; (35m\u00b2) &#8211; 4 Personen\" tabindex=\"-1\" >\n\t\t\tMehr lesen \u00bb\t\t<\/a>\n\n\t\t\t\t<\/div>\n\t\t\t\t<\/article>\n\t\t\t\t<\/div>\n\t\t\n\t\t\t\t\t\t<\/div>\n\t\t\t\t<\/div>\n\t\t\t\t<\/div>\n\t\t\t\t\t<\/div>\n\t\t\t\t<\/div>\n\t\t\t\t<\/div>\n\t\t","protected":false},"excerpt":{"rendered":"<p>Home Sehen Sie hier unsere gem\u00fctlichen H\u00fctten Und finden Sie das, was zu Ihnen passt!<\/p>\n","protected":false},"author":1,"featured_media":0,"parent":0,"menu_order":0,"comment_status":"closed","ping_status":"closed","template":"elementor_header_footer","meta":{"_seopress_robots_primary_cat":"","_seopress_titles_title":"","_seopress_titles_desc":"","_seopress_robots_index":"","iawp_total_views":146,"footnotes":""},"sidekategori":[],"class_list":["post-8132","page","type-page","status-publish","hentry"],"_links":{"self":[{"href":"https:\/\/hillerodcamping.dk\/de\/wp-json\/wp\/v2\/pages\/8132","targetHints":{"allow":["GET"]}}],"collection":[{"href":"https:\/\/hillerodcamping.dk\/de\/wp-json\/wp\/v2\/pages"}],"about":[{"href":"https:\/\/hillerodcamping.dk\/de\/wp-json\/wp\/v2\/types\/page"}],"author":[{"embeddable":true,"href":"https:\/\/hillerodcamping.dk\/de\/wp-json\/wp\/v2\/users\/1"}],"replies":[{"embeddable":true,"href":"https:\/\/hillerodcamping.dk\/de\/wp-json\/wp\/v2\/comments?post=8132"}],"version-history":[{"count":7,"href":"https:\/\/hillerodcamping.dk\/de\/wp-json\/wp\/v2\/pages\/8132\/revisions"}],"predecessor-version":[{"id":11364,"href":"https:\/\/hillerodcamping.dk\/de\/wp-json\/wp\/v2\/pages\/8132\/revisions\/11364"}],"wp:attachment":[{"href":"https:\/\/hillerodcamping.dk\/de\/wp-json\/wp\/v2\/media?parent=8132"}],"wp:term":[{"taxonomy":"sidekategori","embeddable":true,"href":"https:\/\/hillerodcamping.dk\/de\/wp-json\/wp\/v2\/sidekategori?post=8132"}],"curies":[{"name":"wp","href":"https:\/\/api.w.org\/{rel}","templated":true}]}}