{"id":9458,"date":"2023-09-19T14:33:25","date_gmt":"2023-09-19T12:33:25","guid":{"rendered":"https:\/\/hillerodcamping.dk\/vielen-dank-fuer-ihre-buchungsanfrage\/"},"modified":"2024-08-04T15:35:40","modified_gmt":"2024-08-04T13:35:40","slug":"vielen-dank-fuer-ihre-buchungsanfrage","status":"publish","type":"page","link":"https:\/\/hillerodcamping.dk\/de\/vielen-dank-fuer-ihre-buchungsanfrage\/","title":{"rendered":"Vielen Dank f\u00fcr Ihre Buchungsanfrage"},"content":{"rendered":"\t\t<div data-elementor-type=\"wp-page\" data-elementor-id=\"9458\" class=\"elementor elementor-9458 elementor-9390\" data-elementor-post-type=\"page\">\n\t\t\t\t<div class=\"elementor-element elementor-element-06be0ed e-flex e-con-boxed e-con e-parent\" data-id=\"06be0ed\" data-element_type=\"container\" data-e-type=\"container\" data-settings=\"{&quot;jet_parallax_layout_list&quot;:[]}\">\n\t\t\t\t\t<div class=\"e-con-inner\">\n\t\t\t\t<div class=\"elementor-element elementor-element-5e5f97c elementor-widget elementor-widget-heading\" data-id=\"5e5f97c\" data-element_type=\"widget\" data-e-type=\"widget\" data-widget_type=\"heading.default\">\n\t\t\t\t<div class=\"elementor-widget-container\">\n\t\t\t\t\t<h2 class=\"elementor-heading-title elementor-size-default\">Vielen Dank f\u00fcr Ihre Buchungsanfrage<\/h2>\t\t\t\t<\/div>\n\t\t\t\t<\/div>\n\t\t\t\t<div class=\"elementor-element elementor-element-e1458c9 elementor-widget elementor-widget-text-editor\" data-id=\"e1458c9\" data-element_type=\"widget\" data-e-type=\"widget\" data-widget_type=\"text-editor.default\">\n\t\t\t\t<div class=\"elementor-widget-container\">\n\t\t\t\t\t\t\t\t\t<p>Wir haben Ihre Anfrage registriert und unser Team arbeitet daran, Ihren Antrag so schnell wie m\u00f6glich zu bearbeiten.<\/p>\n<p>Wir werden uns in K\u00fcrze mit weiteren Informationen und einer Best\u00e4tigung Ihrer Buchung bei Ihnen melden. Sollten Sie in der Zwischenzeit Fragen haben, k\u00f6nnen Sie sich gerne an uns wenden.<\/p>\n<p>Wir danken Ihnen im Voraus f\u00fcr Ihr Interesse und freuen uns darauf, Sie und Ihre Mitreisenden begr\u00fc\u00dfen zu d\u00fcrfen!<\/p>\n<p>Mit freundlichen Gr\u00fc\u00dfen Hiller\u00f8d Camping<\/p>\n\t\t\t\t\t\t\t\t<\/div>\n\t\t\t\t<\/div>\n\t\t\t\t\t<\/div>\n\t\t\t\t<\/div>\n\t\t\t\t<\/div>\n\t\t","protected":false},"excerpt":{"rendered":"<p>Vielen Dank f\u00fcr Ihre Buchungsanfrage Wir haben Ihre Anfrage registriert und unser Team arbeitet daran, Ihren Antrag so schnell wie m\u00f6glich zu bearbeiten. Wir werden uns in K\u00fcrze mit weiteren [&hellip;]<\/p>\n","protected":false},"author":1,"featured_media":0,"parent":0,"menu_order":0,"comment_status":"closed","ping_status":"closed","template":"elementor_header_footer","meta":{"_seopress_robots_primary_cat":"","_seopress_titles_title":"","_seopress_titles_desc":"","_seopress_robots_index":"ja","iawp_total_views":41,"footnotes":""},"sidekategori":[],"class_list":["post-9458","page","type-page","status-publish","hentry"],"_links":{"self":[{"href":"https:\/\/hillerodcamping.dk\/de\/wp-json\/wp\/v2\/pages\/9458","targetHints":{"allow":["GET"]}}],"collection":[{"href":"https:\/\/hillerodcamping.dk\/de\/wp-json\/wp\/v2\/pages"}],"about":[{"href":"https:\/\/hillerodcamping.dk\/de\/wp-json\/wp\/v2\/types\/page"}],"author":[{"embeddable":true,"href":"https:\/\/hillerodcamping.dk\/de\/wp-json\/wp\/v2\/users\/1"}],"replies":[{"embeddable":true,"href":"https:\/\/hillerodcamping.dk\/de\/wp-json\/wp\/v2\/comments?post=9458"}],"version-history":[{"count":6,"href":"https:\/\/hillerodcamping.dk\/de\/wp-json\/wp\/v2\/pages\/9458\/revisions"}],"predecessor-version":[{"id":13732,"href":"https:\/\/hillerodcamping.dk\/de\/wp-json\/wp\/v2\/pages\/9458\/revisions\/13732"}],"wp:attachment":[{"href":"https:\/\/hillerodcamping.dk\/de\/wp-json\/wp\/v2\/media?parent=9458"}],"wp:term":[{"taxonomy":"sidekategori","embeddable":true,"href":"https:\/\/hillerodcamping.dk\/de\/wp-json\/wp\/v2\/sidekategori?post=9458"}],"curies":[{"name":"wp","href":"https:\/\/api.w.org\/{rel}","templated":true}]}}