{"id":4432,"date":"2023-03-23T10:40:33","date_gmt":"2023-03-23T09:40:33","guid":{"rendered":"https:\/\/hillerodcamping.dk\/afwijzing-van-aansprakelijkheid\/"},"modified":"2023-03-23T10:40:33","modified_gmt":"2023-03-23T09:40:33","slug":"afwijzing-van-aansprakelijkheid","status":"publish","type":"page","link":"https:\/\/hillerodcamping.dk\/nl\/afwijzing-van-aansprakelijkheid\/","title":{"rendered":"Afwijzing van aansprakelijkheid"},"content":{"rendered":"\t\t<div data-elementor-type=\"wp-page\" data-elementor-id=\"4432\" class=\"elementor elementor-4432 elementor-2045\" data-elementor-post-type=\"page\">\n\t\t\t\t\t\t<section class=\"elementor-section elementor-top-section elementor-element elementor-element-7946b07a elementor-section-boxed elementor-section-height-default elementor-section-height-default\" data-id=\"7946b07a\" data-element_type=\"section\" data-e-type=\"section\" data-settings=\"{&quot;jet_parallax_layout_list&quot;:[]}\">\n\t\t\t\t\t\t<div class=\"elementor-container elementor-column-gap-default\">\n\t\t\t\t\t<div class=\"elementor-column elementor-col-100 elementor-top-column elementor-element elementor-element-208e529b\" data-id=\"208e529b\" data-element_type=\"column\" data-e-type=\"column\">\n\t\t\t<div class=\"elementor-widget-wrap elementor-element-populated\">\n\t\t\t\t\t\t<div class=\"elementor-element elementor-element-cb8553e elementor-widget elementor-widget-heading\" data-id=\"cb8553e\" data-element_type=\"widget\" data-e-type=\"widget\" data-widget_type=\"heading.default\">\n\t\t\t\t<div class=\"elementor-widget-container\">\n\t\t\t\t\t<h1 class=\"elementor-heading-title elementor-size-default\">Afwijzing van aansprakelijkheid<\/h1>\t\t\t\t<\/div>\n\t\t\t\t<\/div>\n\t\t\t\t<div class=\"elementor-element elementor-element-7cbdfd1e elementor-widget elementor-widget-shortcode\" data-id=\"7cbdfd1e\" data-element_type=\"widget\" data-e-type=\"widget\" data-widget_type=\"shortcode.default\">\n\t\t\t\t<div class=\"elementor-widget-container\">\n\t\t\t\t\t\t\t<div class=\"elementor-shortcode\">\n<!-- Legal document generated by Complianz | GDPR\/CCPA Cookie Consent https:\/\/wordpress.org\/plugins\/complianz-gdpr -->\n<div id=\"cmplz-document\" class=\"cmplz-document disclaimer cmplz-document-all\"><p>Hiller\u00f8d Camping spant zich in om deze site up-to-date en accuraat te houden. Mocht u toch iets tegenkomen dat onjuist of verouderd is, dan stellen wij het op prijs als u ons dit laat weten. Geef daarbij alstublieft aan waar u de informatie op de site leest. We zullen dit dan zo snel mogelijk bekijken. Stuur uw reactie per e-mail naar: <span class=\"cmplz-obfuscate\">&#105;nf&#111;@<span class=\"cmplz-fmail-domain\">e&#120;.c&#111;&#109;<\/span>&#104;ill&#101;ro&#100;&#099;a&#109;pi&#110;&#103;.&#100;k<\/span>.<\/p><p>Wij achten ons niet aansprakelijk voor schade als gevolg van onjuistheden of onvolledigheden, noch voor schade die het gevolg is van problemen veroorzaakt door, of inherent aan het verspreiden van informatie via het internet, zoals storingen of onderbrekingen. Bij het gebruik van webformulieren streven wij ernaar het aantal velden dat verplicht moet worden ingevuld tot een minimum te beperken. Voor eventuele schade die geleden wordt als gevolg van het gebruik van gegevens, adviezen of idee\u00ebn verstrekt door of namens Hiller\u00f8d Camping via deze site, acht Hiller\u00f8d Camping zich niet aansprakelijk.<\/p><p>Alle persoonlijke gegevens die u ons verstrekt in het kader van uw reactie of verzoek om informatie, al alleen worden gebruikt in overeenstemming met onze privacyverklaring.<\/p><p>Hiller\u00f8d Camping stelt alles in het werk om haar systemen te beschermen tegen elke vorm van onwettig gebruik. Hiller\u00f8d Camping zal daartoe passende technische en organisatorische maatregelen nemen, rekening houdend met, onder andere, de standaarden van de techniek. Zij is echter niet aansprakelijk voor enige schade, direct en\/of indirect, geleden door een gebruiker van de site, die ontstaat als gevolg van het onrechtmatige gebruik van haar systemen door een derde partij.<\/p><p>Alle intellectuele eigendomsrechten op inhoud op deze site berusten bij Hiller\u00f8d Camping.<\/p><p>Kopi\u00ebren, verspreiden en elk ander gebruik van deze materialen is niet toegestaan zonder de schriftelijke toestemming van Hiller\u00f8d Camping, behalve en alleen voor zover anders bepaald in voorschriften van dwingend recht (zoals het recht om te citeren), tenzij specifieke inhoud anders voorschrijft.<\/p><p>Als u vragen of problemen heeft met de toegankelijkheid van de site, aarzel dan niet om contact met ons op te nemen.<\/p><\/div><\/div>\n\t\t\t\t\t\t<\/div>\n\t\t\t\t<\/div>\n\t\t\t\t\t<\/div>\n\t\t<\/div>\n\t\t\t\t\t<\/div>\n\t\t<\/section>\n\t\t\t\t<\/div>\n\t\t","protected":false},"excerpt":{"rendered":"<p>Afwijzing van aansprakelijkheid<\/p>\n","protected":false},"author":1,"featured_media":0,"parent":0,"menu_order":0,"comment_status":"closed","ping_status":"closed","template":"elementor_header_footer","meta":{"_seopress_robots_primary_cat":"","_seopress_titles_title":"","_seopress_titles_desc":"","_seopress_robots_index":"","_seopress_analysis_target_kw":"","iawp_total_views":7,"footnotes":""},"sidekategori":[],"class_list":["post-4432","page","type-page","status-publish","hentry"],"_links":{"self":[{"href":"https:\/\/hillerodcamping.dk\/nl\/wp-json\/wp\/v2\/pages\/4432","targetHints":{"allow":["GET"]}}],"collection":[{"href":"https:\/\/hillerodcamping.dk\/nl\/wp-json\/wp\/v2\/pages"}],"about":[{"href":"https:\/\/hillerodcamping.dk\/nl\/wp-json\/wp\/v2\/types\/page"}],"author":[{"embeddable":true,"href":"https:\/\/hillerodcamping.dk\/nl\/wp-json\/wp\/v2\/users\/1"}],"replies":[{"embeddable":true,"href":"https:\/\/hillerodcamping.dk\/nl\/wp-json\/wp\/v2\/comments?post=4432"}],"version-history":[{"count":1,"href":"https:\/\/hillerodcamping.dk\/nl\/wp-json\/wp\/v2\/pages\/4432\/revisions"}],"predecessor-version":[{"id":4433,"href":"https:\/\/hillerodcamping.dk\/nl\/wp-json\/wp\/v2\/pages\/4432\/revisions\/4433"}],"wp:attachment":[{"href":"https:\/\/hillerodcamping.dk\/nl\/wp-json\/wp\/v2\/media?parent=4432"}],"wp:term":[{"taxonomy":"sidekategori","embeddable":true,"href":"https:\/\/hillerodcamping.dk\/nl\/wp-json\/wp\/v2\/sidekategori?post=4432"}],"curies":[{"name":"wp","href":"https:\/\/api.w.org\/{rel}","templated":true}]}}